{"id":153,"date":"2017-07-25T15:34:52","date_gmt":"2017-07-25T13:34:52","guid":{"rendered":"http:\/\/kursy.dev\/?page_id=153"},"modified":"2019-02-03T18:14:25","modified_gmt":"2019-02-03T17:14:25","slug":"polityka-prywatnosci","status":"publish","type":"page","link":"https:\/\/niania.pro\/opiekun\/polityka-prywatnosci\/","title":{"rendered":"Polityka prywatno\u015bci"},"content":{"rendered":"<p>[vc_row][vc_column][vc_custom_heading text=&#8221;Polityka prywatno\u015bci&#8221; use_theme_fonts=&#8221;yes&#8221;][vc_empty_space][vc_column_text]Niniejsza Polityka prywatno\u015bci okre\u015bla zasady gromadzenia, przetwarzania i wykorzystywania danych osobowych pozyskanych od Pa\u0144stwa przez Centrum Kszta\u0142cenia Agat<\/p>\n<p>&nbsp;<\/p>\n<p><strong>Dane osobowe<\/strong><\/p>\n<ol>\n<li>Dane zbierane s\u0105 przez: \u201eCentrum Kszta\u0142cenia Agat\u201d, ul. Wi\u015bniowa 26, 67-200 G\u0142og\u00f3w, telefon: 604447504.<\/li>\n<li>Dane kontaktowe inspektora ochrony danych osobowych: <a href=\"mailto:waldemaraldas@gmail.com\">waldemaraldas@gmail.com<\/a><\/li>\n<li>Przetwarzanie odbywa si\u0119 zgodnie z Rozporz\u0105dzeniem Parlamentu Europejskiego i Rady (UE) 2016\/679 z dnia 27 kwietnia 2016 r. w sprawie ochrony os\u00f3b fizycznych w zwi\u0105zku z przetwarzaniem danych osobowych i w sprawie swobodnego przep\u0142ywu takich danych.<\/li>\n<li>Dane kursant\u00f3w mog\u0105 by\u0107 przekazywane firmom pocztowym i kurierskim (w celu dor\u0119czania przesy\u0142ek), serwisom p\u0142atno\u015bci elektronicznych (w przypadku wyboru opcji p\u0142atno\u015bci online), firmom windykacyjnym i kancelariom prawnym (w przypadku dochodzenia roszcze\u0144) oraz wsp\u00f3\u0142pracuj\u0105cym z nami wyk\u0142adowc\u00f3w, trener\u00f3w (w zakresie prowadzonego kurs). W pozosta\u0142ym zakresie dane nie b\u0119d\u0105 ujawniane (udost\u0119pniane) innym podmiotom, poza przypadkami przewidzianymi w obowi\u0105zuj\u0105cych przepisach.<\/li>\n<li>Zmian\u0119 oraz aktualizacj\u0119 swoich danych osobowych, kt\u00f3re przetwarza \u201eCentrum Kszta\u0142cenia Agat\u201d mo\u017cna dokona\u0107 poprzez wys\u0142anie e-maila na adres: <a href=\"mailto:waldemaraldas@gmail.com\">waldemaraldas@gmail.com<\/a><\/li>\n<li>Je\u015bli dane osobowe przetwarzane s\u0105 na podstawie zgody, wtedy mo\u017cna j\u0105 cofn\u0105\u0107 w ka\u017cdej chwili wysy\u0142aj\u0105c e-mail na adres: <a href=\"mailto:waldemaraldas@gmail.com\">waldemaraldas@gmail.com<\/a><\/li>\n<li>Ka\u017cdy ma prawo \u017c\u0105da\u0107 dost\u0119pu do swoich danych osobowych, ich sprostowania, usuni\u0119cia, ograniczenia przetwarzania, wniesienia sprzeciwu wobec przetwarzania, a tak\u017ce do przenoszenia danych.<\/li>\n<li>Ka\u017cdy ma prawo wnie\u015b\u0107 skarg\u0119 do Prezesa Urz\u0119du Ochrony Danych Osobowych.<\/li>\n<\/ol>\n<p>&nbsp;<\/p>\n<p>\u201eCentrum Kszta\u0142cenia Agat\u201d, zbiera nast\u0119puj\u0105ce dane osobowe:<\/p>\n<p>&nbsp;<\/p>\n<p>1) nazwisko i imi\u0119,<br \/>\n2) adres zamieszkania,<br \/>\n3) adres e-mail,<br \/>\n4) numer telefonu,<br \/>\n5) data urodzenia,<br \/>\n6) miejsce urodzenia<br \/>\n7) PESEL<\/p>\n<p>&nbsp;<\/p>\n<p>Gromadzone dane s\u0105 niezb\u0119dne do wystawiania i wys\u0142ania Za\u015bwiadczenia.<\/p>\n<p>&nbsp;<\/p>\n<p><strong>Bezpiecze\u0144stwo<\/strong><\/p>\n<p>W trosce o Pa\u0144stwa bezpiecze\u0144stwo gwarantujemy pe\u0142n\u0105 poufno\u015b\u0107 informacji, kt\u00f3re zbieramy i analizujemy. Nie b\u0119d\u0105 one ujawniane jakimkolwiek podmiotom, niewymienionym w niniejszym dokumencie.<\/p>\n<p>&nbsp;<\/p>\n<p><strong>Marketing<\/strong><\/p>\n<p>O ile Pa\u0144stwo wyrazili na to zgod\u0119, podany przez Pa\u0144stwa adres e-mail oraz numer telefonu b\u0119d\u0105 wykorzystywane w celach marketingowych w\u0142asnych produkt\u00f3w. Zgoda mo\u017ce by\u0107 cofni\u0119ta w ka\u017cdym czasie.<\/p>\n<p>&nbsp;<\/p>\n<p><strong>Pytania i zastrze\u017cenia<\/strong><\/p>\n<p>Pytania i zastrze\u017cenia dotycz\u0105ce niniejszej Polityki prywatno\u015bci mog\u0105 Pa\u0144stwo zg\u0142asza\u0107 na adres: <a href=\"mailto:waldemaraldas@gmail.com\">waldemaraldas@gmail.com<\/a><\/p>\n<p>&nbsp;<\/p>\n<p>[\/vc_column_text][\/vc_column][\/vc_row]<\/p>\n","protected":false},"excerpt":{"rendered":"<p>[vc_row][vc_column][vc_custom_heading text=&#8221;Polityka prywatno\u015bci&#8221; use_theme_fonts=&#8221;yes&#8221;][vc_empty_space][vc_column_text]Niniejsza Polityka prywatno\u015bci okre\u015bla zasady gromadzenia, przetwarzania i wykorzystywania danych osobowych pozyskanych od Pa\u0144stwa przez Centrum Kszta\u0142cenia Agat &nbsp; Dane osobowe Dane zbierane s\u0105 przez: \u201eCentrum Kszta\u0142cenia Agat\u201d, ul. Wi\u015bniowa 26, 67-200 G\u0142og\u00f3w, telefon: 604447504. Dane kontaktowe inspektora ochrony danych osobowych: waldemaraldas@gmail.com Przetwarzanie odbywa si\u0119 zgodnie z Rozporz\u0105dzeniem Parlamentu Europejskiego i Rady [&hellip;]<\/p>\n","protected":false},"author":1,"featured_media":0,"parent":0,"menu_order":4,"comment_status":"closed","ping_status":"closed","template":"","meta":[],"_links":{"self":[{"href":"https:\/\/niania.pro\/opiekun\/wp-json\/wp\/v2\/pages\/153"}],"collection":[{"href":"https:\/\/niania.pro\/opiekun\/wp-json\/wp\/v2\/pages"}],"about":[{"href":"https:\/\/niania.pro\/opiekun\/wp-json\/wp\/v2\/types\/page"}],"author":[{"embeddable":true,"href":"https:\/\/niania.pro\/opiekun\/wp-json\/wp\/v2\/users\/1"}],"replies":[{"embeddable":true,"href":"https:\/\/niania.pro\/opiekun\/wp-json\/wp\/v2\/comments?post=153"}],"version-history":[{"count":12,"href":"https:\/\/niania.pro\/opiekun\/wp-json\/wp\/v2\/pages\/153\/revisions"}],"predecessor-version":[{"id":713,"href":"https:\/\/niania.pro\/opiekun\/wp-json\/wp\/v2\/pages\/153\/revisions\/713"}],"wp:attachment":[{"href":"https:\/\/niania.pro\/opiekun\/wp-json\/wp\/v2\/media?parent=153"}],"curies":[{"name":"wp","href":"https:\/\/api.w.org\/{rel}","templated":true}]}}