{"id":478,"date":"2017-11-04T15:48:44","date_gmt":"2017-11-04T14:48:44","guid":{"rendered":"https:\/\/studiaoswiata.pl\/?page_id=478"},"modified":"2018-07-23T15:04:12","modified_gmt":"2018-07-23T13:04:12","slug":"program","status":"publish","type":"page","link":"https:\/\/niania.pro\/opiekun\/program\/","title":{"rendered":"Program"},"content":{"rendered":"<p>[vc_row][vc_column][vc_custom_heading text=&#8221;Program&#8221; use_theme_fonts=&#8221;yes&#8221;][vc_column_text]<\/p>\n<table style=\"background: #f7f7f7;\">\n<tbody>\n<tr>\n<td style=\"padding: 5px;\"><strong>Blok<\/strong><\/td>\n<td style=\"padding: 5px;\"><strong>Zagadnienia<\/strong><\/td>\n<\/tr>\n<tr style=\"background: #f0f0f0;\">\n<td style=\"padding: 5px;\">\n<p align=\"center\">Rozw\u00f3j dziecka w okresie wczesnego dzieci\u0144stwa<\/p>\n<\/td>\n<td style=\"padding: 5px;\">a) aspekty rozwoju dziecka \u2013 charakterystyka zmian w zakresie rozwoju poznawczego, psychospo\u0142ecznego i motorycznego na poszczeg\u00f3lnych etapach \u017cycia dziecka<br \/>\nb) \u017ar\u00f3d\u0142a szans i zagro\u017ce\u0144 dla rozwoju dziecka w wieku do lat 3<br \/>\nc) mechanizmy rozwoju dziecka<\/td>\n<td style=\"padding: 5px;\">\n<p align=\"center\">20 godzin<\/p>\n<\/td>\n<\/tr>\n<tr>\n<td style=\"padding: 5px;\">\n<p align=\"center\">Stymulowanie wszechstronnego rozwoju dziecka<\/p>\n<\/td>\n<td style=\"padding: 5px;\">a) rozpoznawanie potrzeb rozwojowych dziecka<br \/>\nb) planowanie i dokumentowanie rozwoju dziecka w codziennych sytuacjach (powitanie, po\u017cegnanie, posi\u0142ki, czynno\u015bci higieniczne, odpoczynek, zabawa)<br \/>\nc) kreowanie przedmiotowego i spo\u0142ecznego \u015brodowiska rozwoju dziecka<br \/>\nd) opieka piel\u0119gnacyjna i zdrowotna nad dzieckiem harmonijnie i nieharmonijnie rozwijaj\u0105cym si\u0119<br \/>\ne) zabawa jako podstawowa forma aktywno\u015bci dziecka \u2013 zabawy eksploracyjne, muzyczne, rytmiczne, plastyczne i techniczne<br \/>\nf) wprowadzanie dziecka w kultur\u0119<br \/>\ng) budowanie relacji spo\u0142ecznych z dzieckiem, rodzicami i lokalnymi s\u0142u\u017cbami odpowiedzialnymi za rozw\u00f3j dziecka<\/td>\n<td style=\"padding: 5px;\">\n<p align=\"center\">90 godzin<\/p>\n<\/td>\n<\/tr>\n<tr style=\"background: #f0f0f0;\">\n<td style=\"padding: 5px;\">\n<p align=\"center\">kompetencje opiekuna dziecka<\/p>\n<\/td>\n<td style=\"padding: 5px;\">a) odpowiedzialno\u015b\u0107 prawna opiekuna<br \/>\nb) podstawy medycyny ratunkowej (udzielanie dziecku pierwszej pomocy)<br \/>\nc) przepisy bezpiecze\u0144stwa i higieny pracy<\/td>\n<td style=\"padding: 5px;\">\n<p align=\"center\">20 godzin<\/p>\n<\/td>\n<\/tr>\n<tr>\n<td style=\"padding: 5px;\">\n<p align=\"center\">Praktyki zawodowe<\/p>\n<\/td>\n<td style=\"padding: 5px;\"><\/td>\n<td>\n<p align=\"center\">30 godzin<\/p>\n<\/td>\n<td style=\"padding: 5px;\"><\/td>\n<\/tr>\n<tr style=\"background: #f0f0f0;\">\n<td style=\"padding: 5px;\"><\/td>\n<td style=\"padding: 5px;\">\n<p align=\"right\"><strong>Razem<\/strong><\/p>\n<\/td>\n<td style=\"padding: 5px;\">\n<p align=\"center\">160 godzin<\/p>\n<\/td>\n<\/tr>\n<\/tbody>\n<\/table>\n<p>[\/vc_column_text][vc_empty_space][vc_column_text]Program zgodny z Ustaw\u0105 z dnia 4 lutego 2011 r. o opiece nad dzie\u0107mi w\u00a0wieku do lat 3 oraz Rozporz\u0105dzeniem Ministra Pracy i Polityki Spo\u0142ecznej z dnia 25 marca 2011 r. w sprawie zakresu program\u00f3w szkole\u0144 dla opiekuna w \u017c\u0142obku lub klubie dzieci\u0119cym, wolontariusza oraz opiekuna dziennego wraz z programem szkolenia i podaniem ilo\u015bci godzin.[\/vc_column_text][\/vc_column][\/vc_row]<\/p>\n","protected":false},"excerpt":{"rendered":"<p>[vc_row][vc_column][vc_custom_heading text=&#8221;Program&#8221; use_theme_fonts=&#8221;yes&#8221;][vc_column_text] Blok Zagadnienia Rozw\u00f3j dziecka w okresie wczesnego dzieci\u0144stwa a) aspekty rozwoju dziecka \u2013 charakterystyka zmian w zakresie rozwoju poznawczego, psychospo\u0142ecznego i motorycznego na poszczeg\u00f3lnych etapach \u017cycia dziecka b) \u017ar\u00f3d\u0142a szans i zagro\u017ce\u0144 dla rozwoju dziecka w wieku do lat 3 c) mechanizmy rozwoju dziecka 20 godzin Stymulowanie wszechstronnego rozwoju dziecka a) rozpoznawanie [&hellip;]<\/p>\n","protected":false},"author":1,"featured_media":0,"parent":0,"menu_order":0,"comment_status":"closed","ping_status":"closed","template":"","meta":[],"_links":{"self":[{"href":"https:\/\/niania.pro\/opiekun\/wp-json\/wp\/v2\/pages\/478"}],"collection":[{"href":"https:\/\/niania.pro\/opiekun\/wp-json\/wp\/v2\/pages"}],"about":[{"href":"https:\/\/niania.pro\/opiekun\/wp-json\/wp\/v2\/types\/page"}],"author":[{"embeddable":true,"href":"https:\/\/niania.pro\/opiekun\/wp-json\/wp\/v2\/users\/1"}],"replies":[{"embeddable":true,"href":"https:\/\/niania.pro\/opiekun\/wp-json\/wp\/v2\/comments?post=478"}],"version-history":[{"count":14,"href":"https:\/\/niania.pro\/opiekun\/wp-json\/wp\/v2\/pages\/478\/revisions"}],"predecessor-version":[{"id":688,"href":"https:\/\/niania.pro\/opiekun\/wp-json\/wp\/v2\/pages\/478\/revisions\/688"}],"wp:attachment":[{"href":"https:\/\/niania.pro\/opiekun\/wp-json\/wp\/v2\/media?parent=478"}],"curies":[{"name":"wp","href":"https:\/\/api.w.org\/{rel}","templated":true}]}}