{"id":112,"date":"2017-07-25T14:35:12","date_gmt":"2017-07-25T12:35:12","guid":{"rendered":"http:\/\/kursy.dev\/?page_id=112"},"modified":"2023-07-27T13:51:23","modified_gmt":"2023-07-27T11:51:23","slug":"kontakt","status":"publish","type":"page","link":"https:\/\/niania.pro\/opiekun2\/kontakt\/","title":{"rendered":"Kontakt"},"content":{"rendered":"<p>[vc_row][vc_column][vc_custom_heading text=&#8221;Kontakt&#8221; use_theme_fonts=&#8221;yes&#8221;][vc_column_text]<\/p>\n<div class=\"wpb_text_column wpb_content_element \">\n<div class=\"wpb_wrapper\">\n<p><span class=\"number\"><strong>Niepubliczna Plac\u00f3wka Kszta\u0142cenia Ustawicznego<br \/>\nCentrum Kszta\u0142cenia Agat Waldemar A\u0142da\u015b<\/strong><br \/>\nul. Wi\u015bniowa 26<br \/>\n67-200 G\u0142og\u00f3w<\/span><\/p>\n<\/div>\n<\/div>\n<p>[\/vc_column_text][vc_column_text]<\/p>\n<div class=\"wpb_text_column wpb_content_element \">\n<div class=\"wpb_wrapper\">\n<div class=\"wpb_text_column wpb_content_element \">\n<div class=\"wpb_wrapper\">\n<p>Sekretariat kursu: <strong><a href=\"mailto:studia.szkolenia@gmail.com\">studia.szkolenia@gmail.com<\/a><\/strong><\/p>\n<\/div>\n<\/div>\n<\/div>\n<\/div>\n<p>[\/vc_column_text][vc_custom_heading text=&#8221;Masz pytanie? Pytaj!&#8221; use_theme_fonts=&#8221;yes&#8221;][vc_column_text]Od poniedzia\u0142ku do soboty w godzinach od 8.00 do 18.00 na pewno zastaniesz mnie pod jednym z tych kontakt\u00f3w.<\/p>\n<p>kom. <a href=\"tel:+48604447504\"><strong>604 447 504<\/strong><\/a><\/p>\n<p>e-mail: <a href=\"mailto:studia.szkolenia@gmail.com\">studia.szkolenia@gmail.com<\/a> <em>(odpowied\u017a w ci\u0105gu 24 godzin)<\/em><\/p>\n<p>[\/vc_column_text][\/vc_column][\/vc_row][vc_row][vc_column][vc_custom_heading text=&#8221;Kierownik&#8221; use_theme_fonts=&#8221;yes&#8221; css=&#8221;.vc_custom_1510055082604{padding-bottom: 15px !important;}&#8221;][vc_column_text]<img decoding=\"async\" style=\"float: left; margin: 0 15px 5px 0;\" src=\"https:\/\/niania.pro\/opiekun2\/wp-content\/uploads\/2018\/03\/malgorzata_silny.jpg\" \/> <strong>Ma\u0142gorzata Silny<\/strong><br \/>\nPedagog, absolwentka Uniwersytetu Warszawskiego, nauczyciel akademiki na uczelniach pedagogicznych, autorka wielu publikacji, koordynatorka og\u00f3lnopolskich projekt\u00f3w, trener umiej\u0119tno\u015bci psychospo\u0142ecznych.[\/vc_column_text][\/vc_column][\/vc_row][vc_row][vc_column][vc_custom_heading text=&#8221;Koordynator&#8221; use_theme_fonts=&#8221;yes&#8221; css=&#8221;.vc_custom_1510055183320{padding-bottom: 15px !important;}&#8221;][vc_column_text]<img decoding=\"async\" style=\"float: left; margin: 0 15px 5px 0;\" src=\"https:\/\/niania.pro\/opiekun2\/wp-content\/uploads\/2018\/03\/waldemar_aldas.jpg\" \/> <strong>Waldemar A\u0142da\u015b<\/strong><br \/>\nMasz pytanie? Dzwo\u0144<br \/>\ntel. <a href=\"tel:+48604447504\"><strong>+48 604 447 504<\/strong><\/a> 8.00-18.00 (pon.sob.)<br \/>\ne-mail: <a href=\"mailto:studia.szkolenia@gmail.com\"><strong>studia.szkolenia@gmail.com<\/strong><\/a>[\/vc_column_text][\/vc_column][\/vc_row][vc_row][vc_column][vc_custom_heading text=&#8221;Dane potrzebne do przelewu:&#8221; use_theme_fonts=&#8221;yes&#8221; css=&#8221;.vc_custom_1512392802840{padding-bottom: 15px !important;}&#8221;][vc_column_text]<\/p>\n<div class=\"wpb_text_column wpb_content_element \">\n<div class=\"wpb_wrapper\">\n<p>Centrum Kszta\u0142cenia Agat Waldemar A\u0142da\u015b<br \/>\n67-200 G\u0142og\u00f3w, ul. Wi\u015bniowa 26<br \/>\nSantander Bank Polska S.A. 62 1090 2079 0000 0001 3165 4519<\/p>\n<p>W tytule przelewu podaj: <strong>imi\u0119 i nazwisko oraz nazw\u0119 kursu<\/strong><\/p>\n<p><strong>UWAGA!<\/strong> Wystawiamy faktury VAT<\/p>\n<\/div>\n<\/div>\n<p>[\/vc_column_text][vc_column_text]<\/p>\n<div class=\"wpb_text_column wpb_content_element \">\n<div class=\"wpb_wrapper\">\n<div>IBAN (International Bank Account Number)<\/div>\n<div>PL62109020790000000131654519<\/div>\n<div>Kod SWIFT (BIC code) Santander Bank Polska:\u00a0WBKPPLPP<\/div>\n<\/div>\n<\/div>\n<p>[\/vc_column_text][\/vc_column][\/vc_row][vc_row][vc_column][vc_custom_heading text=&#8221;Formularz kontaktowy&#8221; use_theme_fonts=&#8221;yes&#8221;]\n<div class=\"wpcf7 no-js\" id=\"wpcf7-f117-o1\" lang=\"pl-PL\" dir=\"ltr\">\n<div class=\"screen-reader-response\"><p role=\"status\" aria-live=\"polite\" aria-atomic=\"true\"><\/p> <ul><\/ul><\/div>\n<form action=\"\/opiekun2\/wp-json\/wp\/v2\/pages\/112#wpcf7-f117-o1\" method=\"post\" class=\"wpcf7-form init\" aria-label=\"Formularz kontaktowy\" novalidate=\"novalidate\" data-status=\"init\">\n<div style=\"display: none;\">\n<input type=\"hidden\" name=\"_wpcf7\" value=\"117\" \/>\n<input type=\"hidden\" name=\"_wpcf7_version\" value=\"5.7.7\" \/>\n<input type=\"hidden\" name=\"_wpcf7_locale\" value=\"pl_PL\" \/>\n<input type=\"hidden\" name=\"_wpcf7_unit_tag\" value=\"wpcf7-f117-o1\" \/>\n<input type=\"hidden\" name=\"_wpcf7_container_post\" value=\"0\" \/>\n<input type=\"hidden\" name=\"_wpcf7_posted_data_hash\" value=\"\" \/>\n<input type=\"hidden\" name=\"_wpcf7_recaptcha_response\" value=\"\" \/>\n<\/div>\n<div class=\"form-group\">\n\t<p><label> Imi\u0119 i nazwisko (wymagane) <\/label><br \/>\n<span class=\"wpcf7-form-control-wrap\" data-name=\"your-name\"><input size=\"40\" class=\"wpcf7-form-control wpcf7-text wpcf7-validates-as-required form-control\" aria-required=\"true\" aria-invalid=\"false\" value=\"\" type=\"text\" name=\"your-name\" \/><\/span>\n\t<\/p>\n<\/div>\n<div class=\"form-group\">\n\t<p><label> Adres email (wymagane)<\/label><br \/>\n<span class=\"wpcf7-form-control-wrap\" data-name=\"your-email\"><input size=\"40\" class=\"wpcf7-form-control wpcf7-text wpcf7-email wpcf7-validates-as-required wpcf7-validates-as-email form-control\" aria-required=\"true\" aria-invalid=\"false\" value=\"\" type=\"email\" name=\"your-email\" \/><\/span>\n\t<\/p>\n<\/div>\n<div class=\"form-group\">\n\t<p><label> Tre\u015b\u0107 wiadomo\u015bci <\/label><br \/>\n<span class=\"wpcf7-form-control-wrap\" data-name=\"your-message\"><textarea cols=\"40\" rows=\"10\" class=\"wpcf7-form-control wpcf7-textarea form-control\" aria-invalid=\"false\" name=\"your-message\"><\/textarea><\/span>\n\t<\/p>\n<\/div>\n<p><span class=\"wpcf7-form-control-wrap\" data-name=\"privacy\"><span class=\"wpcf7-form-control wpcf7-acceptance\"><span class=\"wpcf7-list-item\"><label><input type=\"checkbox\" name=\"privacy\" value=\"1\" aria-invalid=\"false\" \/><span class=\"wpcf7-list-item-label\">Zapozna\u0142em si\u0119 i akceptuj\u0119 <a href=\"\/opiekun2\/polityka-prywatnosci\/\" rel=\"noopener\">Polityk\u0119 Prywatno\u015bci<\/a><\/span><\/label><\/span><\/span><\/span>\n<\/p>\n<p><input class=\"wpcf7-form-control has-spinner wpcf7-submit normal-btn\" type=\"submit\" value=\"Wy\u015blij\" \/>\n<\/p><div class=\"wpcf7-response-output\" aria-hidden=\"true\"><\/div>\n<\/form>\n<\/div>\n[vc_empty_space][\/vc_column][\/vc_row]<\/p>\n","protected":false},"excerpt":{"rendered":"<p>[vc_row][vc_column][vc_custom_heading text=&#8221;Kontakt&#8221; use_theme_fonts=&#8221;yes&#8221;][vc_column_text] Niepubliczna Plac\u00f3wka Kszta\u0142cenia Ustawicznego Centrum Kszta\u0142cenia Agat Waldemar A\u0142da\u015b ul. Wi\u015bniowa 26 67-200 G\u0142og\u00f3w [\/vc_column_text][vc_column_text] Sekretariat kursu: studia.szkolenia@gmail.com [\/vc_column_text][vc_custom_heading text=&#8221;Masz pytanie? Pytaj!&#8221; use_theme_fonts=&#8221;yes&#8221;][vc_column_text]Od poniedzia\u0142ku do soboty w godzinach od 8.00 do 18.00 na pewno zastaniesz mnie pod jednym z tych kontakt\u00f3w. kom. 604 447 504 e-mail: studia.szkolenia@gmail.com (odpowied\u017a w ci\u0105gu 24 godzin) [&hellip;]<\/p>\n","protected":false},"author":1,"featured_media":0,"parent":0,"menu_order":2,"comment_status":"closed","ping_status":"closed","template":"","meta":[],"_links":{"self":[{"href":"https:\/\/niania.pro\/opiekun2\/wp-json\/wp\/v2\/pages\/112"}],"collection":[{"href":"https:\/\/niania.pro\/opiekun2\/wp-json\/wp\/v2\/pages"}],"about":[{"href":"https:\/\/niania.pro\/opiekun2\/wp-json\/wp\/v2\/types\/page"}],"author":[{"embeddable":true,"href":"https:\/\/niania.pro\/opiekun2\/wp-json\/wp\/v2\/users\/1"}],"replies":[{"embeddable":true,"href":"https:\/\/niania.pro\/opiekun2\/wp-json\/wp\/v2\/comments?post=112"}],"version-history":[{"count":37,"href":"https:\/\/niania.pro\/opiekun2\/wp-json\/wp\/v2\/pages\/112\/revisions"}],"predecessor-version":[{"id":745,"href":"https:\/\/niania.pro\/opiekun2\/wp-json\/wp\/v2\/pages\/112\/revisions\/745"}],"wp:attachment":[{"href":"https:\/\/niania.pro\/opiekun2\/wp-json\/wp\/v2\/media?parent=112"}],"curies":[{"name":"wp","href":"https:\/\/api.w.org\/{rel}","templated":true}]}}