{"id":61,"date":"2017-07-25T11:33:08","date_gmt":"2017-07-25T09:33:08","guid":{"rendered":"http:\/\/kursy.dev\/?page_id=61"},"modified":"2023-07-27T13:46:25","modified_gmt":"2023-07-27T11:46:25","slug":"strona-glowna","status":"publish","type":"page","link":"https:\/\/niania.pro\/opiekun2\/","title":{"rendered":"Strona g\u0142\u00f3wna"},"content":{"rendered":"<p>[vc_row][vc_column][vc_custom_heading text=&#8221;Szkolenie uzupe\u0142niaj\u0105ce dla dziennego opiekuna&#8221; font_container=&#8221;tag:h2|text_align:center&#8221; use_theme_fonts=&#8221;yes&#8221;][vc_empty_space height=&#8221;22px&#8221;][vc_column_text]<\/p>\n<p style=\"text-align: center;\">Nie wychodzisz z domu! \u2013 <strong>Tylko 470 z\u0142<\/strong><\/p>\n<p>&nbsp;<\/p>\n<p style=\"text-align: center;\"><strong>UWAGA na oszust\u00f3w!<\/strong> Nasze szkolenie ma pozwolenie Ministerstwa Pracy i Polityki Spo\u0142ecznej. <a href=\"https:\/\/niania.pro\/zlobek\/wp-content\/uploads\/2022\/07\/pozwolenie.pdf\" target=\"_blank\" rel=\"noopener noreferrer\"><strong>Sprawd\u017a<\/strong><\/a><\/p>\n<p>[\/vc_column_text][vc_message message_box_color=&#8221;alert-success&#8221; icon_type=&#8221;pixelicons&#8221; icon_pixelicons=&#8221;vc_pixel_icon vc_pixel_icon-anchor&#8221;]<a href=\"https:\/\/www.rp.pl\/artykul\/825969-Jakie-wymagania-dla-kadry-zlobka-lub-klubu-dzieciecego.html\" target=\"_blank\" rel=\"noopener\">Przeczytaj jakie s\u0105 wymagania dla kadry \u017c\u0142obka lub klubu dzieci\u0119cego?<\/a>[\/vc_message][vc_empty_space height=&#8221;12px&#8221;][\/vc_column][\/vc_row][vc_row][vc_column][vc_custom_heading text=&#8221;Opinie uczestnik\u00f3w&#8221; use_theme_fonts=&#8221;yes&#8221;][vc_empty_space height=&#8221;22px&#8221;][vc_column_text css=&#8221;.vc_custom_1690457456784{padding-top: 15px !important;padding-right: 15px !important;padding-bottom: 15px !important;padding-left: 15px !important;background-color: #eceeee !important;border-radius: 10px !important;}&#8221;]<\/p>\n<div class=\"opinia\">\n<div class=\"opinia\">\n<div class=\"opinia\" style=\"font-size: small;\">Dosta\u0142am w tym tygodniu papierowy orygina\u0142 za\u015bwiadczenia.<br \/>\nBardzo dzi\u0119kuj\u0119 za pomoc i po\u015bwi\u0119cony czas.Jestem bardzo zadowolona ze szkolenia.<br \/>\nPozdrawiam.<br \/>\nDanuta Matuszewska.<\/div>\n<\/div>\n<\/div>\n<p>[\/vc_column_text][vc_column_text css=&#8221;.vc_custom_1690457450658{padding-top: 15px !important;padding-right: 15px !important;padding-bottom: 15px !important;padding-left: 15px !important;background-color: #eceeee !important;border-radius: 10px !important;}&#8221;]<\/p>\n<div class=\"opinia\">\n<div class=\"opinia\">\n<div class=\"opinia\" style=\"font-size: small;\">\u015awietny kurs, rzetelnie przygotowane i przeprowadzone wyk\u0142ady. Ogrom wiedzy, kt\u00f3r\u0105 zdobywa sie bez wychodzenia z domu. Szybki, bezproblemowy kontakt z wyk\u0142adowcami. No i to Ty decydujesz kiedy chcesz sie uczy\u0107 i w jakim czasie uko\u0144czysz kurs Gor\u0105co polecam!<br \/>\nJeszcze raz dzi\u0119kuje i pozdrawiam<br \/>\ns\u0142uchaczka<\/div>\n<\/div>\n<\/div>\n<p>[\/vc_column_text][vc_column_text css=&#8221;.vc_custom_1690457462120{padding-top: 15px !important;padding-right: 15px !important;padding-bottom: 15px !important;padding-left: 15px !important;background-color: #eceeee !important;border-radius: 10px !important;}&#8221;]<\/p>\n<div class=\"opinia\">\n<div class=\"opinia\">\n<div class=\"opinia\" style=\"font-size: small;\">\n<div class=\"opinia\" style=\"font-size: small;\">\n<div class=\"opinia\" style=\"font-size: small;\">Polecam Centrum Kszta\u0142cenia \u201eAgat\u201d. Jestem bardzo zadowolona z kursu. Dzi\u0119ki niemu od przysz\u0142ego miesi\u0105ca b\u0119d\u0119 mog\u0142a rozpocz\u0105\u0107 prac\u0119 jako opiekunka w klubie dzieci\u0119cym. Kurs przeprowadzony profesjonalnie, bardzo dobry kontakt z wyk\u0142adowcami, jak i r\u00f3wnie\u017c z Pani\u0105 kierownik. Szybko, sprawnie i konkretnie. Wyk\u0142ady dostarczaj\u0105ce wiedzy i umiej\u0119tno\u015bci, przedstawione jasno i czytelnie. Forma elektroniczna, mailowe przesy\u0142anie prac u\u0142atwi\u0142y mi zaliczenie kursu, nie stresowa\u0142am si\u0119 tak, jak podczas zaj\u0119\u0107 i egzamin\u00f3w na \u017cywo. Bardzo serdecznie dzi\u0119kuj\u0119 i raz jeszcze polecam.<br \/>\nPozdrawiam,<br \/>\nJoanna Urda<\/div>\n<\/div>\n<\/div>\n<\/div>\n<\/div>\n<p>[\/vc_column_text][vc_btn title=&#8221;Zobacz wszystkie opinie o kursie&#8221; color=&#8221;success&#8221; link=&#8221;url:https%3A%2F%2Fniania.pro%2Fopiekun2%2Fopinie%2F|title:Zobacz%20wszystkie%20opinie%20o%20kursie||&#8221;][\/vc_column][\/vc_row][vc_row][vc_column][vc_custom_heading text=&#8221;Pe\u0142na nazwa&#8221; use_theme_fonts=&#8221;yes&#8221;][vc_column_text]Szkolenie uzupe\u0142niaj\u0105ce dla dziennego opiekuna, o kt\u00f3rym mowa w\u00a0 art. 39 ust. 1 pkt 6 lit. b ustawy z dnia 4 lutego 2011 r. o opiece nad dzie\u0107mi w wieku do lat 3.\u00a0\u00a0(z p\u00f3\u017an. zm.) &#8211;\u00a0<a title=\"Zobacz ustaw\u0119 o opiece\" href=\"https:\/\/niania.pro\/opiekun2\/wp-content\/uploads\/2019\/07\/D20110235L.pdf\" target=\"_blank\" rel=\"noopener noreferrer\"><strong>Zobacz ustaw\u0119<\/strong><\/a>[\/vc_column_text][vc_column_text]Kurs realizujemy od 2012 roku na podstawie podtrzymanej decyzji Ministra Pracy i Polityki Spo\u0142ecznej nr 25\/2022 z dnia 23 czerwca 2022 roku \u2013 (z p\u00f3\u017an. zm.) <a href=\"https:\/\/niania.pro\/zlobek\/wp-content\/uploads\/2022\/07\/pozwolenie.pdf\" target=\"_blank\" rel=\"noopener noreferrer\"><strong>zobacz<\/strong><\/a>[\/vc_column_text][\/vc_column][\/vc_row][vc_row][vc_column][vc_custom_heading text=&#8221;Czas trwania&#8221; use_theme_fonts=&#8221;yes&#8221;][vc_column_text]40 godzin w formie zaj\u0119\u0107 warsztatowych i wyk\u0142ad\u00f3w (przez internet)[\/vc_column_text][\/vc_column][\/vc_row][vc_row][vc_column][vc_custom_heading text=&#8221;Cele szkolenia&#8221; use_theme_fonts=&#8221;yes&#8221;][vc_column_text]G\u0142\u00f3wnym celem szkolenia jest nabycie praktycznej wiedzy i umiej\u0119tno\u015bci potrzebnych w pracy opiekuna, a w szczeg\u00f3lno\u015bci:<\/p>\n<ul>\n<li>Poszerzenie i zaktualizowanie wiedzy oraz umiej\u0119tno\u015bci z zakresu prawid\u0142owo\u015bci rozwoju<br \/>\ni sprawowania opieki nad dzieckiem do 3 roku \u017cycia;<\/li>\n<li>Doskonalenie kompetencji dziennego opiekuna umo\u017cliwiaj\u0105cych realizacj\u0119 funkcji opieku\u0144czej, wychowawczej i edukacyjnej;<\/li>\n<li>Zdobycie kwalifikacji potrzebnych na rynku pracy.<\/li>\n<\/ul>\n<p>[\/vc_column_text][\/vc_column][\/vc_row][vc_row][vc_column][vc_custom_heading text=&#8221;Opis uzyskanych kompetencji&#8221; use_theme_fonts=&#8221;yes&#8221;][vc_column_text]Osoba, kt\u00f3ra uko\u0144czy kurs b\u0119dzie posiada\u0142a wiadomo\u015bci i umiej\u0119tno\u015bci w zakresie:<\/p>\n<ul>\n<li>Wykorzystywania r\u00f3\u017cnorodnych metod stymulowania rozwoju dziecka w wieku do lat 3<\/li>\n<li>Udzielania pierwszej pomocy;<\/li>\n<li>radzenia sobie ze stresem w sytuacjach zawodowych i prywatnych;<\/li>\n<li>rozwi\u0105zywania problem\u00f3w r\u00f3wie\u015bniczych dzieci or<\/li>\n<\/ul>\n<p>[\/vc_column_text][vc_custom_heading text=&#8221;Oto za\u015bwiadczenie, jakie od nas otrzymasz&#8221; use_theme_fonts=&#8221;yes&#8221;][vc_empty_space height=&#8221;22px&#8221;][\/vc_column][\/vc_row][vc_row][vc_column width=&#8221;1\/2&#8243;][vc_single_image image=&#8221;690&#8243; img_size=&#8221;large&#8221; alignment=&#8221;center&#8221; style=&#8221;vc_box_border&#8221; css_animation=&#8221;none&#8221;][\/vc_column][vc_column width=&#8221;1\/2&#8243;][vc_single_image image=&#8221;688&#8243; img_size=&#8221;large&#8221; alignment=&#8221;center&#8221; style=&#8221;vc_box_border&#8221; css_animation=&#8221;none&#8221;][\/vc_column][\/vc_row][vc_row][vc_column][vc_column_text]<strong>Uwaga! <\/strong>Odpis za\u015bwiadczenia otrzymasz ju\u017c w dniu uko\u0144czenia szkolenia, drog\u0105 elektroniczn\u0105 w postaci PDF. Orygina\u0142 prze\u015blemy do Ciebie Poczt\u0105 Polsk\u0105 priorytetowym listem poleconym![\/vc_column_text][\/vc_column][\/vc_row][vc_row][vc_column][vc_custom_heading text=&#8221;Kadra&#8221; use_theme_fonts=&#8221;yes&#8221; css=&#8221;.vc_custom_1521573885920{padding-bottom: 15px !important;}&#8221;][vc_column_text]Kadra prowadz\u0105ca szkolenia to specjali\u015bci z odpowiednim przygotowaniem i do\u015bwiadczeniem zar\u00f3wno trenerskim jak i merytorycznym. Poszczeg\u00f3lne modu\u0142y szkolenia prowadzone b\u0119d\u0105 przez osoby z wykszta\u0142ceniem: psychologicznym, pedagogicznym i medycznym (ratownik medyczny). Osoby te maj\u0105 do\u015bwiadczenie w pracy z dzie\u0107mi.[\/vc_column_text][\/vc_column][\/vc_row][vc_row][vc_column][vc_custom_heading text=&#8221;Warunki uczestnictwa&#8221; use_theme_fonts=&#8221;yes&#8221; css=&#8221;.vc_custom_1521573971284{padding-bottom: 15px !important;}&#8221;][vc_column_text]Szkolenie skierowane jest do os\u00f3b:<\/p>\n<ul>\n<li>pe\u0142noletnich;<\/li>\n<li>posiadaj\u0105cych kwalifikacje: piel\u0119gniarki, po\u0142o\u017cnej, opiekunki dzieci\u0119cej, nauczyciela wychowania przedszkolnego, nauczyciela edukacji wczesnoszkolnej lub pedagoga<br \/>\nopieku\u0144czo \u2013 wychowawczego.<\/li>\n<\/ul>\n<p>&nbsp;<\/p>\n<p>Ponadto osoba, kt\u00f3ra chce zosta\u0107 dziennym opiekunem musi spe\u0142nia\u0107 nast\u0119puj\u0105ce wymagania:<\/p>\n<ul>\n<li>daje r\u0119kojmi\u0119 nale\u017cytego sprawowania opieki nad dzie\u0107mi;<\/li>\n<li>nie jest i nie by\u0142a pozbawiona w\u0142adzy rodzicielskiej oraz w\u0142adza rodzicielska nie zosta\u0142a jej zawieszona ani ograniczona;<\/li>\n<li>wype\u0142nia obowi\u0105zek alimentacyjny, w przypadku gdy taki obowi\u0105zek zosta\u0142 na\u0142o\u017cony na podstawie tytu\u0142u wykonawczego pochodz\u0105cego lub zatwierdzonego przez s\u0105d;<\/li>\n<li>nie figuruje w bazie danych Rejestru Sprawc\u00f3w Przest\u0119pstw na Tle Seksualnym zdost\u0119pem ograniczonym lub nie zosta\u0142a skazana prawomocnym wyrokiem za inne przest\u0119pstwo umy\u015blne;<\/li>\n<li>posiada warunki lokalowe zapewniaj\u0105ce bezpieczn\u0105 opiek\u0119 nad dzieckiem;<\/li>\n<\/ul>\n<div><\/div>\n<p>[\/vc_column_text][\/vc_column][\/vc_row][vc_row][vc_column][vc_custom_heading text=&#8221;Szkolenie realizowane jest przez Centrum Kszta\u0142cenia AGAT&#8221; use_theme_fonts=&#8221;yes&#8221;][vc_empty_space height=&#8221;12px&#8221;][vc_column_text]<strong>Sprawd\u017a nasz uprawnienia!<\/strong>[\/vc_column_text][vc_column_text]<\/p>\n<div class=\"top1\"><a title=\"Pobierz numer ewidencyjny rejestru Szk\u00f3\u0142 i Plac\u00f3wek Niepublicznych\" href=\"https:\/\/niania.pro\/pdf\/placowka_ksztalcenia.pdf\"> Numer ewidencyjny rejestru Szk\u00f3\u0142 i Plac\u00f3wek Niepublicznych prowadzonych przez powiat g\u0142ogowski \u2013 8\/10 (plik pdf, 840 kb)<\/a><\/div>\n<div class=\"pdf\"><\/div>\n<div class=\"top1\"><a title=\"Pobierz numer ewidencyjny rejestru instytucji szkoleniowych\" href=\"https:\/\/niania.pro\/pdf\/wpis_do_rejestru.pdf\"> Numer ewidencyjny rejestru instytucji szkoleniowych Dolno\u015bl\u0105ski Wojew\u00f3dzki Urz\u0105d Pracy \u2013 2.02\/00152\/2010 (plik pdf, 797 kb)<\/a><\/div>\n<div class=\"pdf\"><\/div>\n<div class=\"top1\"><a title=\"Pobierz decyzje Ministera Pracy i Polityki Spo\u0142ecznej\" href=\"https:\/\/niania.pro\/zlobek\/wp-content\/uploads\/2022\/07\/pozwolenie.pdf\" target=\"_blank\" rel=\"noopener\">Kurs zorganizowany na podstawie decyzji Ministra Pracy i Polityki Spo\u0142ecznej nr 25\/2022 z dnia 23 czerwca 2022 roku (plik pdf, 1,72 MB)<\/a><\/div>\n<p>[\/vc_column_text][\/vc_column][\/vc_row][vc_row css=&#8221;.vc_custom_1549979415948{background-color: #c44719 !important;}&#8221;][vc_column][vc_column_text]<span style=\"color: #fff; text-shadow: none;\"> Nasze uprawnienia mog\u0105 Pa\u0144stwo sprawdzi\u0107 na stronie <strong>Ministerstwa Rodziny, Pracy i Polityki Spo\u0142ecznej<\/strong>. Wystarczy odwiedzi\u0107 <a href=\"https:\/\/www.gov.pl\/web\/gov\/szukaj?scope=rodzina&amp;query=a%C5%82da%C5%9B\" target=\"_blank\" rel=\"noopener noreferrer\">ten adres.<\/a><\/span>[\/vc_column_text][\/vc_column][\/vc_row][vc_row][vc_column][vc_custom_heading text=&#8221;Co zrobi\u0107 aby zapisa\u0107 si\u0119 na szkolenie?&#8221; use_theme_fonts=&#8221;yes&#8221; css=&#8221;.vc_custom_1521574656106{padding-bottom: 15px !important;}&#8221;][vc_column_text]<\/p>\n<ul>\n<li>Wype\u0142nij formularz poni\u017cej<\/li>\n<li>Sprawd\u017a swoj\u0105 skrzynk\u0119 e-mailow\u0105 (wiadomo\u015b\u0107 mo\u017ce trafi\u0107 do folderu SPAM), znajdziesz wi\u0119cej informacji.<\/li>\n<\/ul>\n<p>[\/vc_column_text][\/vc_column][\/vc_row][vc_row][vc_column][vc_custom_heading text=&#8221;Dlaczego warto wybra\u0107 szkolenie przez internet?&#8221; use_theme_fonts=&#8221;yes&#8221; css=&#8221;.vc_custom_1532351413345{padding-bottom: 15px !important;}&#8221;][vc_column_text]<\/p>\n<ul>\n<li>Uczysz si\u0119 kiedy i gdzie chcesz!<\/li>\n<li>Oszcz\u0119dzasz czas i pieni\u0105dze!<\/li>\n<li>Mo\u017cesz po\u0142\u0105czy\u0107 nauk\u0119 z prac\u0105 zawodow\u0105 oraz wychowywaniem dzieci<\/li>\n<li>Nie musisz czeka\u0107 na zebranie si\u0119 grupy szkoleniowej<\/li>\n<li>Organizujesz w\u0142asny czas w dogodny dla Ciebie spos\u00f3b<\/li>\n<li>To szansa nauki dla os\u00f3b mieszkaj\u0105cych daleko od o\u015brodk\u00f3w edukacyjnych oraz os\u00f3b z niepe\u0142nosprawno\u015bciami<\/li>\n<li>Nie wychodzisz z domu i zdobywasz kwalifikacje!<\/li>\n<\/ul>\n<p>[\/vc_column_text][\/vc_column][\/vc_row][vc_row][vc_column][vc_custom_heading text=&#8221;Sprawy organizacyjne, kontakt&#8221; use_theme_fonts=&#8221;yes&#8221; css=&#8221;.vc_custom_1500983073792{padding-bottom: 15px !important;}&#8221;][vc_column_text]Je\u017celi masz pytania zwi\u0105zane z organizacj\u0105 studi\u00f3w, skontaktuj si\u0119 z nami:<\/p>\n<ul>\n<li>dzwo\u0144 na telefon (preferowany kontakt): <a href=\"tel:+48604447504\"><strong>+48 604 447 504<\/strong><\/a><br \/>\n(od poniedzia\u0142ku do soboty w godzinach 8.00-18.00),<\/li>\n<li>e-mail: <strong><a href=\"mailto:studia.szkolenia@gmail.com\">studia.szkolenia@gmail.com<\/a><\/strong><\/li>\n<\/ul>\n<p>&nbsp;<\/p>\n<p>lub zarejestruj si\u0119 wst\u0119pnie na szkolenie. Do niczego to nie zobowi\u0105zuje, a dostaniesz szczeg\u00f3\u0142owe informacje o szkoleniu.[\/vc_column_text][\/vc_column][\/vc_row][vc_row][vc_column][vc_custom_heading text=&#8221;Kierownik szkolenia&#8221; use_theme_fonts=&#8221;yes&#8221; css=&#8221;.vc_custom_1521577069508{padding-bottom: 15px !important;}&#8221;][vc_column_text]<img decoding=\"async\" style=\"float: left; margin: 0 15px 5px 0;\" src=\"https:\/\/niania.pro\/opiekun2\/wp-content\/uploads\/2018\/03\/malgorzata_silny.jpg\" \/> <strong>Ma\u0142gorzata Silny<\/strong><br \/>\nPedagog, absolwentka Uniwersytetu Warszawskiego, nauczyciel akademiki na uczelniach pedagogicznych, autorka wielu publikacji, koordynatorka og\u00f3lnopolskich projekt\u00f3w, trener umiej\u0119tno\u015bci psychospo\u0142ecznych.[\/vc_column_text][\/vc_column][\/vc_row][vc_row][vc_column][vc_custom_heading text=&#8221;Koordynator szkolenia&#8221; use_theme_fonts=&#8221;yes&#8221; css=&#8221;.vc_custom_1521577076654{padding-bottom: 15px !important;}&#8221;][vc_column_text]<img decoding=\"async\" style=\"float: left; margin: 0 15px 5px 0;\" src=\"https:\/\/niania.pro\/opiekun2\/wp-content\/uploads\/2018\/03\/waldemar_aldas.jpg\" \/><strong>Waldemar A\u0142da\u015b<\/strong><br \/>\nMasz pytanie? Dzwo\u0144<br \/>\ntel. <a href=\"tel:+48604447504\"><strong>+48 604 447 504<\/strong><\/a> 8.00-18.00 (pon.sob.)<br \/>\ne-mail: <a href=\"mailto:studia.szkolenia@gmail.com\"><strong>studia.szkolenia@gmail.com<\/strong><\/a>[\/vc_column_text][\/vc_column][\/vc_row][vc_row css=&#8221;.vc_custom_1500984103566{margin-bottom: 30px !important;}&#8221;][vc_column el_class=&#8221;forever&#8221; offset=&#8221;vc_hidden-xs&#8221;][vc_custom_heading text=&#8221;Zapisz si\u0119 wst\u0119pnie na szkolenie&#8221; use_theme_fonts=&#8221;yes&#8221; css=&#8221;.vc_custom_1521574783704{padding-bottom: 15px !important;}&#8221;][vc_row_inner css=&#8221;.vc_custom_1500984073989{background-color: #ededed !important;}&#8221;][vc_column_inner el_class=&#8221;forever&#8221; css=&#8221;.vc_custom_1501075562747{padding-top: 10px !important;padding-bottom: 30px !important;}&#8221; offset=&#8221;vc_hidden-xs&#8221;][vc_column_text]Do niczego to nie zobowi\u0105zuje<\/p>\n<p>Dostaniesz od nas wi\u0119cej informacji.[\/vc_column_text]<p>Rozpocz\u0119cie: <strong>Nab\u00f3r sta\u0142y \u2013 mo\u017cesz rozpocz\u0105\u0107 w ka\u017cdej chwili<\/strong><\/p><p>Temat: <strong>Szkolenie uzupe\u0142niaj\u0105ce dla dziennego opiekuna<\/strong><\/p><p>Cena: <strong>470 z\u0142 za ca\u0142o\u015b\u0107<\/strong><\/p><p>Uwagi: <strong>Ju\u017c mo\u017cesz si\u0119 zapisa\u0107!<\/strong><\/p>[vc_empty_space height=&#8221;20px&#8221;]\n<div class=\"wpcf7 no-js\" id=\"wpcf7-f287-o1\" lang=\"pl-PL\" dir=\"ltr\">\n<div class=\"screen-reader-response\"><p role=\"status\" aria-live=\"polite\" aria-atomic=\"true\"><\/p> <ul><\/ul><\/div>\n<form action=\"\/opiekun2\/wp-json\/wp\/v2\/pages\/61#wpcf7-f287-o1\" method=\"post\" class=\"wpcf7-form init\" aria-label=\"Formularz kontaktowy\" novalidate=\"novalidate\" data-status=\"init\">\n<div style=\"display: none;\">\n<input type=\"hidden\" name=\"_wpcf7\" value=\"287\" \/>\n<input type=\"hidden\" name=\"_wpcf7_version\" value=\"5.7.7\" \/>\n<input type=\"hidden\" name=\"_wpcf7_locale\" value=\"pl_PL\" \/>\n<input type=\"hidden\" name=\"_wpcf7_unit_tag\" value=\"wpcf7-f287-o1\" \/>\n<input type=\"hidden\" name=\"_wpcf7_container_post\" value=\"0\" \/>\n<input type=\"hidden\" name=\"_wpcf7_posted_data_hash\" value=\"\" \/>\n<input type=\"hidden\" name=\"_wpcf7_recaptcha_response\" value=\"\" \/>\n<\/div>\n<div class=\"form-group\">\n\t<p><label>Twoje imi\u0119* (wymagane)<\/label><br \/>\n<span class=\"wpcf7-form-control-wrap\" data-name=\"your-name\"><input size=\"40\" class=\"wpcf7-form-control wpcf7-text wpcf7-validates-as-required form-control\" aria-required=\"true\" aria-invalid=\"false\" value=\"\" type=\"text\" name=\"your-name\" \/><\/span>\n\t<\/p>\n<\/div>\n<div class=\"form-group\">\n\t<p><label>Twoje nazwisko* (wymagane)<\/label><br \/>\n<span class=\"wpcf7-form-control-wrap\" data-name=\"your-surname\"><input size=\"40\" class=\"wpcf7-form-control wpcf7-text wpcf7-validates-as-required form-control\" aria-required=\"true\" aria-invalid=\"false\" value=\"\" type=\"text\" name=\"your-surname\" \/><\/span>\n\t<\/p>\n<\/div>\n<div class=\"form-group\">\n\t<p><label>Tw\u00f3j e-mail* (wymagane)<\/label><br \/>\n<span class=\"wpcf7-form-control-wrap\" data-name=\"your-email\"><input size=\"40\" class=\"wpcf7-form-control wpcf7-text wpcf7-email wpcf7-validates-as-required wpcf7-validates-as-email form-control\" aria-required=\"true\" aria-invalid=\"false\" value=\"\" type=\"email\" name=\"your-email\" \/><\/span>\n\t<\/p>\n<\/div>\n<div class=\"form-group\">\n\t<p><label>Telefon* (wymagane)<\/label><br \/>\n<span class=\"wpcf7-form-control-wrap\" data-name=\"your-number\"><input size=\"40\" class=\"wpcf7-form-control wpcf7-text wpcf7-validates-as-required form-control\" aria-required=\"true\" aria-invalid=\"false\" value=\"\" type=\"text\" name=\"your-number\" \/><\/span>\n\t<\/p>\n<\/div>\n<p><span class=\"wpcf7-form-control-wrap\" data-name=\"privacy\"><span class=\"wpcf7-form-control wpcf7-acceptance\"><span class=\"wpcf7-list-item\"><label><input type=\"checkbox\" name=\"privacy\" value=\"1\" aria-invalid=\"false\" \/><span class=\"wpcf7-list-item-label\">Zapozna\u0142em si\u0119 i akceptuj\u0119 <a href=\"\/opiekun2\/polityka-prywatnosci\/\" rel=\"noopener\">Polityk\u0119 Prywatno\u015bci<\/a><\/span><\/label><\/span><\/span><\/span>\n<\/p>\n<p><input class=\"wpcf7-form-control has-spinner wpcf7-submit\" type=\"submit\" value=\"Zapisuj\u0119 si\u0119 wst\u0119pnie &rsaquo;\" \/>\n<\/p><div class=\"wpcf7-response-output\" aria-hidden=\"true\"><\/div>\n<\/form>\n<\/div>\n[vc_empty_space height=&#8221;20px&#8221;][\/vc_column_inner][\/vc_row_inner][vc_column_text]<em>Powy\u017csza oferta ma charakter informacyjny i nie stanowi oferty handlowej w rozumieniu art. 66 \u00a71 Kodeksu Cywilnego.<\/em>[\/vc_column_text][\/vc_column][\/vc_row]<\/p>\n","protected":false},"excerpt":{"rendered":"<p>[vc_row][vc_column][vc_custom_heading text=&#8221;Szkolenie uzupe\u0142niaj\u0105ce dla dziennego opiekuna&#8221; font_container=&#8221;tag:h2|text_align:center&#8221; use_theme_fonts=&#8221;yes&#8221;][vc_empty_space height=&#8221;22px&#8221;][vc_column_text] Nie wychodzisz z domu! \u2013 Tylko 470 z\u0142 &nbsp; UWAGA na oszust\u00f3w! Nasze szkolenie ma pozwolenie Ministerstwa Pracy i Polityki Spo\u0142ecznej. Sprawd\u017a [\/vc_column_text][vc_message message_box_color=&#8221;alert-success&#8221; icon_type=&#8221;pixelicons&#8221; icon_pixelicons=&#8221;vc_pixel_icon vc_pixel_icon-anchor&#8221;]Przeczytaj jakie s\u0105 wymagania dla kadry \u017c\u0142obka lub klubu dzieci\u0119cego?[\/vc_message][vc_empty_space height=&#8221;12px&#8221;][\/vc_column][\/vc_row][vc_row][vc_column][vc_custom_heading text=&#8221;Opinie uczestnik\u00f3w&#8221; use_theme_fonts=&#8221;yes&#8221;][vc_empty_space height=&#8221;22px&#8221;][vc_column_text css=&#8221;.vc_custom_1690457456784{padding-top: 15px !important;padding-right: 15px !important;padding-bottom: [&hellip;]<\/p>\n","protected":false},"author":1,"featured_media":0,"parent":0,"menu_order":1,"comment_status":"closed","ping_status":"closed","template":"","meta":[],"_links":{"self":[{"href":"https:\/\/niania.pro\/opiekun2\/wp-json\/wp\/v2\/pages\/61"}],"collection":[{"href":"https:\/\/niania.pro\/opiekun2\/wp-json\/wp\/v2\/pages"}],"about":[{"href":"https:\/\/niania.pro\/opiekun2\/wp-json\/wp\/v2\/types\/page"}],"author":[{"embeddable":true,"href":"https:\/\/niania.pro\/opiekun2\/wp-json\/wp\/v2\/users\/1"}],"replies":[{"embeddable":true,"href":"https:\/\/niania.pro\/opiekun2\/wp-json\/wp\/v2\/comments?post=61"}],"version-history":[{"count":263,"href":"https:\/\/niania.pro\/opiekun2\/wp-json\/wp\/v2\/pages\/61\/revisions"}],"predecessor-version":[{"id":744,"href":"https:\/\/niania.pro\/opiekun2\/wp-json\/wp\/v2\/pages\/61\/revisions\/744"}],"wp:attachment":[{"href":"https:\/\/niania.pro\/opiekun2\/wp-json\/wp\/v2\/media?parent=61"}],"curies":[{"name":"wp","href":"https:\/\/api.w.org\/{rel}","templated":true}]}}