{"id":3,"date":"2020-11-19T17:39:59","date_gmt":"2020-11-19T17:39:59","guid":{"rendered":"https:\/\/www.zawodelektryk.pl\/?page_id=3"},"modified":"2022-11-08T18:45:21","modified_gmt":"2022-11-08T18:45:21","slug":"polityka-prywatnosci","status":"publish","type":"page","link":"https:\/\/niania.pro\/przedszkole\/polityka-prywatnosci\/","title":{"rendered":"Polityka prywatno\u015bci"},"content":{"rendered":"\t\t<div data-elementor-type=\"wp-page\" data-elementor-id=\"3\" class=\"elementor elementor-3\">\n\t\t\t\t\t\t<section class=\"elementor-section elementor-top-section elementor-element elementor-element-3acc89b3 elementor-section-boxed elementor-section-height-default elementor-section-height-default\" data-id=\"3acc89b3\" data-element_type=\"section\">\n\t\t\t\t\t\t<div class=\"elementor-container elementor-column-gap-default\">\n\t\t\t\t\t<div class=\"elementor-column elementor-col-100 elementor-top-column elementor-element elementor-element-7a103d64\" data-id=\"7a103d64\" data-element_type=\"column\">\n\t\t\t<div class=\"elementor-widget-wrap elementor-element-populated\">\n\t\t\t\t\t\t<div class=\"elementor-element elementor-element-d152597 elementor-widget elementor-widget-heading\" data-id=\"d152597\" data-element_type=\"widget\" data-widget_type=\"heading.default\">\n\t\t\t\t<div class=\"elementor-widget-container\">\n\t\t\t\t\t<h2 class=\"elementor-heading-title elementor-size-default\">Polityka prywatno\u015bci<\/h2>\t\t\t\t<\/div>\n\t\t\t\t<\/div>\n\t\t\t\t\t<\/div>\n\t\t<\/div>\n\t\t\t\t\t<\/div>\n\t\t<\/section>\n\t\t\t\t<section class=\"elementor-section elementor-top-section elementor-element elementor-element-30e5886 elementor-section-boxed elementor-section-height-default elementor-section-height-default\" data-id=\"30e5886\" data-element_type=\"section\">\n\t\t\t\t\t\t<div class=\"elementor-container elementor-column-gap-default\">\n\t\t\t\t\t<div class=\"elementor-column elementor-col-100 elementor-top-column elementor-element elementor-element-1e00629\" data-id=\"1e00629\" data-element_type=\"column\">\n\t\t\t<div class=\"elementor-widget-wrap elementor-element-populated\">\n\t\t\t\t\t\t<div class=\"elementor-element elementor-element-ba52987 elementor-widget elementor-widget-text-editor\" data-id=\"ba52987\" data-element_type=\"widget\" data-widget_type=\"text-editor.default\">\n\t\t\t\t<div class=\"elementor-widget-container\">\n\t\t\t\t\t\t\t\t\t<p>Niniejsza Polityka prywatno\u015bci okre\u015bla zasady gromadzenia, przetwarzania i wykorzystywania danych osobowych pozyskanych od Pa\u0144stwa przez Niepubliczna Plac\u00f3wka Kszta\u0142cenia Ustawicznego Centrum Kszta\u0142cenia Agat Waldemar A\u0142da\u015b<\/p><p>\u00a0<\/p><p><strong>Dane osobowe<\/strong><\/p><ol><li>Dane zbierane s\u0105 przez: \u201eNiepubliczna Plac\u00f3wka Kszta\u0142cenia Ustawicznego<br \/>Centrum Kszta\u0142cenia Agat Waldemar A\u0142da\u015b\u201d, ul. Wi\u015bniowa 26, 67-200 G\u0142og\u00f3w, telefon: 604447504.<\/li><li>Dane kontaktowe inspektora ochrony danych osobowych:\u00a0<a href=\"mailto:waldemaraldas@gmail.com\">waldemaraldas@gmail.com<\/a><\/li><li>Przetwarzanie odbywa si\u0119 zgodnie z Rozporz\u0105dzeniem Parlamentu Europejskiego i Rady (UE) 2016\/679 z dnia 27 kwietnia 2016 r. w sprawie ochrony os\u00f3b fizycznych w zwi\u0105zku z przetwarzaniem danych osobowych i w sprawie swobodnego przep\u0142ywu takich danych.<\/li><li>Dane kursant\u00f3w mog\u0105 by\u0107 przekazywane firmom pocztowym i kurierskim (w celu dor\u0119czania przesy\u0142ek), serwisom p\u0142atno\u015bci elektronicznych (w przypadku wyboru opcji p\u0142atno\u015bci online), firmom windykacyjnym i kancelariom prawnym (w przypadku dochodzenia roszcze\u0144) oraz wsp\u00f3\u0142pracuj\u0105cym z nami wyk\u0142adowc\u00f3w, trener\u00f3w (w zakresie prowadzonego kurs). W pozosta\u0142ym zakresie dane nie b\u0119d\u0105 ujawniane (udost\u0119pniane) innym podmiotom, poza przypadkami przewidzianymi w obowi\u0105zuj\u0105cych przepisach.<\/li><li>Zmian\u0119 oraz aktualizacj\u0119 swoich danych osobowych, kt\u00f3re przetwarza \u201eNiepubliczna Plac\u00f3wka Kszta\u0142cenia Ustawicznego Centrum Kszta\u0142cenia Agat Waldemar A\u0142da\u015b\u201d mo\u017cna dokona\u0107 poprzez wys\u0142anie e-maila na adres:\u00a0<a href=\"mailto:waldemaraldas@gmail.com\">waldemaraldas@gmail.com<\/a><\/li><li>Je\u015bli dane osobowe przetwarzane s\u0105 na podstawie zgody, wtedy mo\u017cna j\u0105 cofn\u0105\u0107 w ka\u017cdej chwili wysy\u0142aj\u0105c e-mail na adres:\u00a0<a href=\"mailto:waldemaraldas@gmail.com\">waldemaraldas@gmail.com<\/a><\/li><li>Ka\u017cdy ma prawo \u017c\u0105da\u0107 dost\u0119pu do swoich danych osobowych, ich sprostowania, usuni\u0119cia, ograniczenia przetwarzania, wniesienia sprzeciwu wobec przetwarzania, a tak\u017ce do przenoszenia danych.<\/li><li>Ka\u017cdy ma prawo wnie\u015b\u0107 skarg\u0119 do Prezesa Urz\u0119du Ochrony Danych Osobowych.<\/li><\/ol><p>\u00a0<\/p><p>\u201eNiepubliczna Plac\u00f3wka Kszta\u0142cenia Ustawicznego Centrum Kszta\u0142cenia Agat Waldemar A\u0142da\u015b\u201d, zbiera nast\u0119puj\u0105ce dane osobowe:<\/p><p>\u00a0<\/p><p>1) nazwisko i imi\u0119,<br \/>2) adres zamieszkania,<br \/>3) adres e-mail,<br \/>4) numer telefonu,<br \/>5) data urodzenia,<br \/>6) miejsce urodzenia<br \/>7) PESEL<\/p><p>\u00a0<\/p><p>Gromadzone dane s\u0105 niezb\u0119dne do wystawiania i wys\u0142ania Za\u015bwiadczenia.<\/p><p>\u00a0<\/p><p><strong>Bezpiecze\u0144stwo<\/strong><\/p><p>W trosce o Pa\u0144stwa bezpiecze\u0144stwo gwarantujemy pe\u0142n\u0105 poufno\u015b\u0107 informacji, kt\u00f3re zbieramy i analizujemy. Nie b\u0119d\u0105 one ujawniane jakimkolwiek podmiotom, niewymienionym w niniejszym dokumencie.<\/p><p>\u00a0<\/p><p><strong>Marketing<\/strong><\/p><p>O ile Pa\u0144stwo wyrazili na to zgod\u0119, podany przez Pa\u0144stwa adres e-mail oraz numer telefonu b\u0119d\u0105 wykorzystywane w celach marketingowych w\u0142asnych produkt\u00f3w. Zgoda mo\u017ce by\u0107 cofni\u0119ta w ka\u017cdym czasie.<\/p><p>\u00a0<\/p><p><strong>Pytania i zastrze\u017cenia<\/strong><\/p><p>Pytania i zastrze\u017cenia dotycz\u0105ce niniejszej Polityki prywatno\u015bci mog\u0105 Pa\u0144stwo zg\u0142asza\u0107 na adres:\u00a0<a href=\"mailto:waldemaraldas@gmail.com\">waldemaraldas@gmail.com<\/a><\/p>\t\t\t\t\t\t\t\t<\/div>\n\t\t\t\t<\/div>\n\t\t\t\t\t<\/div>\n\t\t<\/div>\n\t\t\t\t\t<\/div>\n\t\t<\/section>\n\t\t\t\t<\/div>\n\t\t","protected":false},"excerpt":{"rendered":"<p>Polityka prywatno\u015bci Niniejsza Polityka prywatno\u015bci okre\u015bla zasady gromadzenia, przetwarzania i wykorzystywania danych osobowych pozyskanych od Pa\u0144stwa przez Niepubliczna Plac\u00f3wka Kszta\u0142cenia Ustawicznego Centrum Kszta\u0142cenia Agat Waldemar A\u0142da\u015b Dane osobowe Dane zbierane s\u0105 przez: \u201eNiepubliczna Plac\u00f3wka Kszta\u0142cenia Ustawicznego Centrum Kszta\u0142cenia Agat Waldemar A\u0142da\u015b\u201d, ul. Wi\u015bniowa 26, 67-200 G\u0142og\u00f3w, telefon: 604447504. Dane kontaktowe inspektora ochrony danych osobowych:\u00a0waldemaraldas@gmail.com Przetwarzanie [&hellip;]<\/p>\n","protected":false},"author":5,"featured_media":0,"parent":0,"menu_order":75,"comment_status":"closed","ping_status":"closed","template":"","meta":{"ocean_post_layout":"","ocean_both_sidebars_style":"","ocean_both_sidebars_content_width":0,"ocean_both_sidebars_sidebars_width":0,"ocean_sidebar":"0","ocean_second_sidebar":"0","ocean_disable_margins":"enable","ocean_add_body_class":"","ocean_shortcode_before_top_bar":"","ocean_shortcode_after_top_bar":"","ocean_shortcode_before_header":"","ocean_shortcode_after_header":"","ocean_has_shortcode":"","ocean_shortcode_after_title":"","ocean_shortcode_before_footer_widgets":"","ocean_shortcode_after_footer_widgets":"","ocean_shortcode_before_footer_bottom":"","ocean_shortcode_after_footer_bottom":"","ocean_display_top_bar":"default","ocean_display_header":"default","ocean_header_style":"","ocean_center_header_left_menu":"0","ocean_custom_header_template":"0","ocean_custom_logo":0,"ocean_custom_retina_logo":0,"ocean_custom_logo_max_width":0,"ocean_custom_logo_tablet_max_width":0,"ocean_custom_logo_mobile_max_width":0,"ocean_custom_logo_max_height":0,"ocean_custom_logo_tablet_max_height":0,"ocean_custom_logo_mobile_max_height":0,"ocean_header_custom_menu":"0","ocean_menu_typo_font_family":"0","ocean_menu_typo_font_subset":"","ocean_menu_typo_font_size":0,"ocean_menu_typo_font_size_tablet":0,"ocean_menu_typo_font_size_mobile":0,"ocean_menu_typo_font_size_unit":"px","ocean_menu_typo_font_weight":"","ocean_menu_typo_font_weight_tablet":"","ocean_menu_typo_font_weight_mobile":"","ocean_menu_typo_transform":"","ocean_menu_typo_transform_tablet":"","ocean_menu_typo_transform_mobile":"","ocean_menu_typo_line_height":0,"ocean_menu_typo_line_height_tablet":0,"ocean_menu_typo_line_height_mobile":0,"ocean_menu_typo_line_height_unit":"","ocean_menu_typo_spacing":0,"ocean_menu_typo_spacing_tablet":0,"ocean_menu_typo_spacing_mobile":0,"ocean_menu_typo_spacing_unit":"","ocean_menu_link_color":"","ocean_menu_link_color_hover":"","ocean_menu_link_color_active":"","ocean_menu_link_background":"","ocean_menu_link_hover_background":"","ocean_menu_link_active_background":"","ocean_menu_social_links_bg":"","ocean_menu_social_hover_links_bg":"","ocean_menu_social_links_color":"","ocean_menu_social_hover_links_color":"","ocean_disable_title":"default","ocean_disable_heading":"default","ocean_post_title":"","ocean_post_subheading":"","ocean_post_title_style":"","ocean_post_title_background_color":"","ocean_post_title_background":0,"ocean_post_title_bg_image_position":"","ocean_post_title_bg_image_attachment":"","ocean_post_title_bg_image_repeat":"","ocean_post_title_bg_image_size":"","ocean_post_title_height":0,"ocean_post_title_bg_overlay":0.5,"ocean_post_title_bg_overlay_color":"","ocean_disable_breadcrumbs":"default","ocean_breadcrumbs_color":"","ocean_breadcrumbs_separator_color":"","ocean_breadcrumbs_links_color":"","ocean_breadcrumbs_links_hover_color":"","ocean_display_footer_widgets":"default","ocean_display_footer_bottom":"default","ocean_custom_footer_template":"0","footnotes":""},"class_list":["post-3","page","type-page","status-publish","hentry","entry"],"acf":[],"_links":{"self":[{"href":"https:\/\/niania.pro\/przedszkole\/wp-json\/wp\/v2\/pages\/3","targetHints":{"allow":["GET"]}}],"collection":[{"href":"https:\/\/niania.pro\/przedszkole\/wp-json\/wp\/v2\/pages"}],"about":[{"href":"https:\/\/niania.pro\/przedszkole\/wp-json\/wp\/v2\/types\/page"}],"author":[{"embeddable":true,"href":"https:\/\/niania.pro\/przedszkole\/wp-json\/wp\/v2\/users\/5"}],"replies":[{"embeddable":true,"href":"https:\/\/niania.pro\/przedszkole\/wp-json\/wp\/v2\/comments?post=3"}],"version-history":[{"count":14,"href":"https:\/\/niania.pro\/przedszkole\/wp-json\/wp\/v2\/pages\/3\/revisions"}],"predecessor-version":[{"id":3173,"href":"https:\/\/niania.pro\/przedszkole\/wp-json\/wp\/v2\/pages\/3\/revisions\/3173"}],"wp:attachment":[{"href":"https:\/\/niania.pro\/przedszkole\/wp-json\/wp\/v2\/media?parent=3"}],"curies":[{"name":"wp","href":"https:\/\/api.w.org\/{rel}","templated":true}]}}