{"id":3678,"date":"2023-05-30T10:29:29","date_gmt":"2023-05-30T10:29:29","guid":{"rendered":"https:\/\/niania.pro\/przedszkole\/?page_id=3678"},"modified":"2024-07-30T09:22:49","modified_gmt":"2024-07-30T09:22:49","slug":"opinie","status":"publish","type":"page","link":"https:\/\/niania.pro\/przedszkole\/opinie\/","title":{"rendered":"Opinie"},"content":{"rendered":"\t\t<div data-elementor-type=\"wp-page\" data-elementor-id=\"3678\" class=\"elementor elementor-3678\">\n\t\t\t\t\t\t<section class=\"elementor-section elementor-top-section elementor-element elementor-element-2223e06 elementor-section-boxed elementor-section-height-default elementor-section-height-default\" data-id=\"2223e06\" data-element_type=\"section\">\n\t\t\t\t\t\t<div class=\"elementor-container elementor-column-gap-default\">\n\t\t\t\t\t<div class=\"elementor-column elementor-col-100 elementor-top-column elementor-element elementor-element-a423837\" data-id=\"a423837\" data-element_type=\"column\">\n\t\t\t<div class=\"elementor-widget-wrap elementor-element-populated\">\n\t\t\t\t\t\t<div class=\"elementor-element elementor-element-4ffc3f5 elementor-widget elementor-widget-heading\" data-id=\"4ffc3f5\" data-element_type=\"widget\" data-widget_type=\"heading.default\">\n\t\t\t\t<div class=\"elementor-widget-container\">\n\t\t\t\t\t<p class=\"elementor-heading-title elementor-size-default\">Opinie uczestnik\u00f3w o kursie <\/p>\t\t\t\t<\/div>\n\t\t\t\t<\/div>\n\t\t\t\t\t<\/div>\n\t\t<\/div>\n\t\t\t\t\t<\/div>\n\t\t<\/section>\n\t\t\t\t<section class=\"elementor-section elementor-top-section elementor-element elementor-element-1810d9a elementor-section-boxed elementor-section-height-default elementor-section-height-default\" data-id=\"1810d9a\" data-element_type=\"section\">\n\t\t\t\t\t\t<div class=\"elementor-container elementor-column-gap-default\">\n\t\t\t\t\t<div class=\"elementor-column elementor-col-100 elementor-top-column elementor-element elementor-element-3cc9c9a\" data-id=\"3cc9c9a\" data-element_type=\"column\">\n\t\t\t<div class=\"elementor-widget-wrap elementor-element-populated\">\n\t\t\t\t\t\t<div class=\"elementor-element elementor-element-b8e237f elementor-widget elementor-widget-oew-testimonial-carousel\" data-id=\"b8e237f\" data-element_type=\"widget\" data-widget_type=\"oew-testimonial-carousel.default\">\n\t\t\t\t<div class=\"elementor-widget-container\">\n\t\t\t\t\t\n\t\t<div class=\"oew-testimonial-carousel swiper-container-wrap clr\">\n\n\t\t\t<div class=\"oew-testimonial-wrapper oew-carousel-container oew-testimonial-text-align-left oew-testimonial-inline oew-testimonial-image- swiper has-dots\" data-settings=\"{&quot;items&quot;:1,&quot;slides&quot;:1,&quot;margin&quot;:10,&quot;effect&quot;:&quot;slide&quot;,&quot;speed&quot;:600,&quot;autoplay&quot;:3000,&quot;loop&quot;:&quot;1&quot;,&quot;arrows&quot;:&quot;1&quot;,&quot;dots&quot;:&quot;1&quot;}\">\n\n\t\t\t\t<div class=\"swiper-wrapper\">\n\n\t\t\t\t\t\n\t\t\t\t\t\t<div class=\"swiper-slide\">\n\n\t\t\t\t\t\t\t\n\t\t\t\t\t\t\t\t<div class=\"oew-testimonial-content\">\n\t\t\t\t\t\t\t\t\t<div class=\"oew-testimonial-content-inner\">\n\t\t\t\t\t\t\t\t\t\tDzi\u0119kuj\u0119 za ogrom wiedzy przekazany przez wyk\u0142adowc\u00f3w. Na pewno wykorzystam w praktyce.\nPozdrawiam serdecznie\u00a0\t\t\t\t\t\t\t\t\t<\/div>\n\n\t\t\t\t\t\t\t\t\t<div class=\"oew-testimonial-meta\"><div class=\"oew-testimonial-meta-inner\"><div class=\"oew-testimonial-details\"><div class=\"oew-testimonial-name\">Aleksandra<\/div><\/div><\/div><\/div>\t\t\t\t\t\t\t\t<\/div>\n\t\t\t\t\t\t\t\t\n\t\t\t\t\t\t<\/div>\n\n\t\t\t\t\t\t\n\t\t\t\t\t\t<div class=\"swiper-slide\">\n\n\t\t\t\t\t\t\t\n\t\t\t\t\t\t\t\t<div class=\"oew-testimonial-content oew-testimonial-content\">\n\t\t\t\t\t\t\t\t\t<div class=\"oew-testimonial-content-inner oew-testimonial-content-inner\">\n\t\t\t\t\t\t\t\t\t\tDzi\u0119kuj\u0119 bardzo. Ciesz\u0119 si\u0119 \u017ce pozytywnie i szybko uda\u0142o mi si\u0119 uko\u0144czy\u0107 kurs, super sprawa bez wychodzenia z domu i niepotrzebnego tracenie czasu na dojazdy.\t\t\t\t\t\t\t\t\t<\/div>\n\n\t\t\t\t\t\t\t\t\t<div class=\"oew-testimonial-meta oew-testimonial-meta\"><div class=\"oew-testimonial-meta-inner\"><div class=\"oew-testimonial-details\"><div class=\"oew-testimonial-name oew-testimonial-name\">Marta<\/div><\/div><\/div><\/div>\t\t\t\t\t\t\t\t<\/div>\n\t\t\t\t\t\t\t\t\n\t\t\t\t\t\t<\/div>\n\n\t\t\t\t\t\t\n\t\t\t\t\t\t<div class=\"swiper-slide\">\n\n\t\t\t\t\t\t\t\n\t\t\t\t\t\t\t\t<div class=\"oew-testimonial-content oew-testimonial-content oew-testimonial-content\">\n\t\t\t\t\t\t\t\t\t<div class=\"oew-testimonial-content-inner oew-testimonial-content-inner oew-testimonial-content-inner\">\n\t\t\t\t\t\t\t\t\t\tJestem bardzo zadowolona\u00a0 ze wsp\u00f3\u0142pracy z wami, ja te\u017c skorzysta\u0142am z waszego kursu z polecenia i sama r\u00f3wnie\u017c b\u0119d\u0119 was w 100% poleca\u0107\t\t\t\t\t\t\t\t\t<\/div>\n\n\t\t\t\t\t\t\t\t\t<div class=\"oew-testimonial-meta oew-testimonial-meta oew-testimonial-meta\"><div class=\"oew-testimonial-meta-inner\"><div class=\"oew-testimonial-details\"><div class=\"oew-testimonial-name oew-testimonial-name oew-testimonial-name\">M.<\/div><\/div><\/div><\/div>\t\t\t\t\t\t\t\t<\/div>\n\t\t\t\t\t\t\t\t\n\t\t\t\t\t\t<\/div>\n\n\t\t\t\t\t\t\n\t\t\t\t\t\t<div class=\"swiper-slide\">\n\n\t\t\t\t\t\t\t\n\t\t\t\t\t\t\t\t<div class=\"oew-testimonial-content oew-testimonial-content oew-testimonial-content oew-testimonial-content\">\n\t\t\t\t\t\t\t\t\t<div class=\"oew-testimonial-content-inner oew-testimonial-content-inner oew-testimonial-content-inner oew-testimonial-content-inner\">\n\t\t\t\t\t\t\t\t\t\tDzi\u0119kuj\u0119 bardzo, ciesz\u0119 si\u0119, \u017ce uko\u0144czy\u0142am kurs u Pa\u0144stwa na tak przyjaznych warunkach:)\n\nPozdrawiam,\t\t\t\t\t\t\t\t\t<\/div>\n\n\t\t\t\t\t\t\t\t\t<div class=\"oew-testimonial-meta oew-testimonial-meta oew-testimonial-meta oew-testimonial-meta\"><div class=\"oew-testimonial-meta-inner\"><div class=\"oew-testimonial-details\"><div class=\"oew-testimonial-name oew-testimonial-name oew-testimonial-name oew-testimonial-name\">Aleksandra <\/div><\/div><\/div><\/div>\t\t\t\t\t\t\t\t<\/div>\n\t\t\t\t\t\t\t\t\n\t\t\t\t\t\t<\/div>\n\n\t\t\t\t\t\t\n\t\t\t\t\t\t<div class=\"swiper-slide\">\n\n\t\t\t\t\t\t\t\n\t\t\t\t\t\t\t\t<div class=\"oew-testimonial-content oew-testimonial-content oew-testimonial-content oew-testimonial-content oew-testimonial-content\">\n\t\t\t\t\t\t\t\t\t<div class=\"oew-testimonial-content-inner oew-testimonial-content-inner oew-testimonial-content-inner oew-testimonial-content-inner oew-testimonial-content-inner\">\n\t\t\t\t\t\t\t\t\t\tPolecam firm\u0119 oraz kurs uzupe\u0142niaj\u0105cy. Dobry kontakt z kadr\u0105, ciekawie i dok\u0142adnie przeprowadzone wyk\u0142ady. Rzetelna wiedza.\nPozdrawiam \ud83d\ude42\t\t\t\t\t\t\t\t\t<\/div>\n\n\t\t\t\t\t\t\t\t\t<div class=\"oew-testimonial-meta oew-testimonial-meta oew-testimonial-meta oew-testimonial-meta oew-testimonial-meta\"><div class=\"oew-testimonial-meta-inner\"><div class=\"oew-testimonial-details\"><div class=\"oew-testimonial-name oew-testimonial-name oew-testimonial-name oew-testimonial-name oew-testimonial-name\">Ma\u0142gorzata<\/div><\/div><\/div><\/div>\t\t\t\t\t\t\t\t<\/div>\n\t\t\t\t\t\t\t\t\n\t\t\t\t\t\t<\/div>\n\n\t\t\t\t\t\t\n\t\t\t\t<\/div>\n\n\t\t\t<\/div>\n\n\t\t\t\t\t\t\t<div class=\"swiper-button-next oew-swiper-buttons swiper-button-next-b8e237f\">\n\t\t\t\t\t<svg version=\"1.1\" xmlns=\"http:\/\/www.w3.org\/2000\/svg\" xmlns:xlink=\"http:\/\/www.w3.org\/1999\/xlink\" x=\"0px\" y=\"0px\" viewBox=\"0 0 512.002 512.002\" xml:space=\"preserve\"><path d=\"M388.425,241.951L151.609,5.79c-7.759-7.733-20.321-7.72-28.067,0.04c-7.74,7.759-7.72,20.328,0.04,28.067l222.72,222.105L123.574,478.106c-7.759,7.74-7.779,20.301-0.04,28.061c3.883,3.89,8.97,5.835,14.057,5.835c5.074,0,10.141-1.932,14.017-5.795l236.817-236.155c3.737-3.718,5.834-8.778,5.834-14.05S392.156,245.676,388.425,241.951z\"\/><\/svg>\t\t\t\t<\/div>\n\t\t\t\t<div class=\"swiper-button-prev oew-swiper-buttons swiper-button-prev-b8e237f\">\n\t\t\t\t\t<svg version=\"1.1\" xmlns=\"http:\/\/www.w3.org\/2000\/svg\" xmlns:xlink=\"http:\/\/www.w3.org\/1999\/xlink\" x=\"0px\" y=\"0px\" viewBox=\"0 0 443.52 443.52\" xml:space=\"preserve\"><path d=\"M143.492,221.863L336.226,29.129c6.663-6.664,6.663-17.468,0-24.132c-6.665-6.662-17.468-6.662-24.132,0l-204.8,204.8c-6.662,6.664-6.662,17.468,0,24.132l204.8,204.8c6.78,6.548,17.584,6.36,24.132-0.42c6.387-6.614,6.387-17.099,0-23.712L143.492,221.863z\"\/><\/svg>\t\t\t\t<\/div>\n\t\t\t\t\t\t\t\t<div class=\"swiper-pagination swiper-pagination-b8e237f\"><\/div>\n\t\t\t\t\n\t\t<\/div>\n\n\t\t\t\t\t\t<\/div>\n\t\t\t\t<\/div>\n\t\t\t\t\t<\/div>\n\t\t<\/div>\n\t\t\t\t\t<\/div>\n\t\t<\/section>\n\t\t\t\t<\/div>\n\t\t","protected":false},"excerpt":{"rendered":"<p>Opinie uczestnik\u00f3w o kursie Dzi\u0119kuj\u0119 za ogrom wiedzy przekazany przez wyk\u0142adowc\u00f3w. Na pewno wykorzystam w praktyce. Pozdrawiam serdecznie\u00a0 Aleksandra Dzi\u0119kuj\u0119 bardzo. Ciesz\u0119 si\u0119 \u017ce pozytywnie i szybko uda\u0142o mi si\u0119 uko\u0144czy\u0107 kurs, super sprawa bez wychodzenia z domu i niepotrzebnego tracenie czasu na dojazdy. Marta Jestem bardzo zadowolona\u00a0 ze wsp\u00f3\u0142pracy z wami, ja te\u017c skorzysta\u0142am [&hellip;]<\/p>\n","protected":false},"author":5,"featured_media":0,"parent":0,"menu_order":3,"comment_status":"closed","ping_status":"closed","template":"","meta":{"ocean_post_layout":"","ocean_both_sidebars_style":"","ocean_both_sidebars_content_width":0,"ocean_both_sidebars_sidebars_width":0,"ocean_sidebar":"0","ocean_second_sidebar":"0","ocean_disable_margins":"enable","ocean_add_body_class":"","ocean_shortcode_before_top_bar":"","ocean_shortcode_after_top_bar":"","ocean_shortcode_before_header":"","ocean_shortcode_after_header":"","ocean_has_shortcode":"","ocean_shortcode_after_title":"","ocean_shortcode_before_footer_widgets":"","ocean_shortcode_after_footer_widgets":"","ocean_shortcode_before_footer_bottom":"","ocean_shortcode_after_footer_bottom":"","ocean_display_top_bar":"default","ocean_display_header":"default","ocean_header_style":"","ocean_center_header_left_menu":"0","ocean_custom_header_template":"0","ocean_custom_logo":0,"ocean_custom_retina_logo":0,"ocean_custom_logo_max_width":0,"ocean_custom_logo_tablet_max_width":0,"ocean_custom_logo_mobile_max_width":0,"ocean_custom_logo_max_height":0,"ocean_custom_logo_tablet_max_height":0,"ocean_custom_logo_mobile_max_height":0,"ocean_header_custom_menu":"0","ocean_menu_typo_font_family":"0","ocean_menu_typo_font_subset":"","ocean_menu_typo_font_size":0,"ocean_menu_typo_font_size_tablet":0,"ocean_menu_typo_font_size_mobile":0,"ocean_menu_typo_font_size_unit":"px","ocean_menu_typo_font_weight":"","ocean_menu_typo_font_weight_tablet":"","ocean_menu_typo_font_weight_mobile":"","ocean_menu_typo_transform":"","ocean_menu_typo_transform_tablet":"","ocean_menu_typo_transform_mobile":"","ocean_menu_typo_line_height":0,"ocean_menu_typo_line_height_tablet":0,"ocean_menu_typo_line_height_mobile":0,"ocean_menu_typo_line_height_unit":"","ocean_menu_typo_spacing":0,"ocean_menu_typo_spacing_tablet":0,"ocean_menu_typo_spacing_mobile":0,"ocean_menu_typo_spacing_unit":"","ocean_menu_link_color":"","ocean_menu_link_color_hover":"","ocean_menu_link_color_active":"","ocean_menu_link_background":"","ocean_menu_link_hover_background":"","ocean_menu_link_active_background":"","ocean_menu_social_links_bg":"","ocean_menu_social_hover_links_bg":"","ocean_menu_social_links_color":"","ocean_menu_social_hover_links_color":"","ocean_disable_title":"default","ocean_disable_heading":"default","ocean_post_title":"","ocean_post_subheading":"","ocean_post_title_style":"","ocean_post_title_background_color":"","ocean_post_title_background":0,"ocean_post_title_bg_image_position":"","ocean_post_title_bg_image_attachment":"","ocean_post_title_bg_image_repeat":"","ocean_post_title_bg_image_size":"","ocean_post_title_height":0,"ocean_post_title_bg_overlay":0.5,"ocean_post_title_bg_overlay_color":"","ocean_disable_breadcrumbs":"default","ocean_breadcrumbs_color":"","ocean_breadcrumbs_separator_color":"","ocean_breadcrumbs_links_color":"","ocean_breadcrumbs_links_hover_color":"","ocean_display_footer_widgets":"default","ocean_display_footer_bottom":"default","ocean_custom_footer_template":"0","footnotes":""},"class_list":["post-3678","page","type-page","status-publish","hentry","entry"],"acf":[],"_links":{"self":[{"href":"https:\/\/niania.pro\/przedszkole\/wp-json\/wp\/v2\/pages\/3678","targetHints":{"allow":["GET"]}}],"collection":[{"href":"https:\/\/niania.pro\/przedszkole\/wp-json\/wp\/v2\/pages"}],"about":[{"href":"https:\/\/niania.pro\/przedszkole\/wp-json\/wp\/v2\/types\/page"}],"author":[{"embeddable":true,"href":"https:\/\/niania.pro\/przedszkole\/wp-json\/wp\/v2\/users\/5"}],"replies":[{"embeddable":true,"href":"https:\/\/niania.pro\/przedszkole\/wp-json\/wp\/v2\/comments?post=3678"}],"version-history":[{"count":10,"href":"https:\/\/niania.pro\/przedszkole\/wp-json\/wp\/v2\/pages\/3678\/revisions"}],"predecessor-version":[{"id":3912,"href":"https:\/\/niania.pro\/przedszkole\/wp-json\/wp\/v2\/pages\/3678\/revisions\/3912"}],"wp:attachment":[{"href":"https:\/\/niania.pro\/przedszkole\/wp-json\/wp\/v2\/media?parent=3678"}],"curies":[{"name":"wp","href":"https:\/\/api.w.org\/{rel}","templated":true}]}}