{"id":157,"date":"2017-07-25T15:36:04","date_gmt":"2017-07-25T13:36:04","guid":{"rendered":"http:\/\/kursy.dev\/?page_id=157"},"modified":"2017-07-27T11:40:57","modified_gmt":"2017-07-27T09:40:57","slug":"zglos-blad-na-stronie","status":"publish","type":"page","link":"https:\/\/niania.pro\/wolontariusz\/zglos-blad-na-stronie\/","title":{"rendered":"Zg\u0142o\u015b b\u0142\u0105d na stronie"},"content":{"rendered":"<p>[vc_row][vc_column][vc_custom_heading text=&#8221;Zg\u0142o\u015b b\u0142\u0105d na stronie&#8221; use_theme_fonts=&#8221;yes&#8221;][vc_empty_space][vc_column_text]<strong>Kontakt z Webmasterem<\/strong><\/p>\n<p>&nbsp;<\/p>\n<p>Na tym serwisie znajduj\u0105 si\u0119 pliki lub aplikacje, kt\u00f3re do prawid\u0142owego dzia\u0142ania wymagaj\u0105: Adobe Flash Player, Adobe Reader, Word, Java.<\/p>\n<p>&nbsp;<\/p>\n<p>Programy mo\u017cna bezp\u0142atnie poni\u017cej pobra\u0107:<\/p>\n<p>&nbsp;<\/p>\n<ul>\n<li><a href=\"http:\/\/get.adobe.com\/flashplayer\/\" target=\"_blank\" rel=\"noopener\">Odtwarzacz Adobe Flash Player<\/a><\/li>\n<li><a href=\"http:\/\/get.adobe.com\/reader\/\" target=\"_blank\" rel=\"noopener\">Dokument w formacie PDF Adobe Reader<\/a><\/li>\n<li><a href=\"http:\/\/www.microsoft.com\/downloads\/details.aspx?FamilyID=3657CE88-7CFA-457A-9AEC-F4F827F20CAC&amp;displaylang=pl\" target=\"_blank\" rel=\"noopener\">Dokument w formacie Word<\/a><\/li>\n<li><a href=\"http:\/\/www.microsoft.com\/downloads\/details.aspx?familyid=1CD6ACF9-CE06-4E1C-8DCF-F33F669DBC3A&amp;displaylang=pl\" target=\"_blank\" rel=\"noopener\">Dokumenty w formacie Excel<\/a><\/li>\n<li><a href=\"http:\/\/www.microsoft.com\/downloads\/details.aspx?FamilyId=B73DF33F-6D74-423D-8274-8B7E6313EDFB&amp;displaylang=pl\" target=\"_blank\" rel=\"noopener\">Dokumenty w formacie Access<\/a><\/li>\n<li><a href=\"http:\/\/www.microsoft.com\/downloads\/details.aspx?familyid=048dc840-14e1-467d-8dca-19d2a8fd7485&amp;displaylang=pl\" target=\"_blank\" rel=\"noopener\">Dokumenty w formacie Power Point<\/a><\/li>\n<li><a href=\"http:\/\/www.java.com\/pl\/\" target=\"_blank\" rel=\"noopener\">Java<\/a><\/li>\n<\/ul>\n<p>[\/vc_column_text][vc_custom_heading text=&#8221;Chcesz zg\u0142osi\u0107 b\u0142\u0105d na stronie? Wype\u0142nij poni\u017cszy formularz:&#8221; use_theme_fonts=&#8221;yes&#8221;][vc_empty_space][vc_message]Odpowiemy w przeci\u0105gu 24 godzin.[\/vc_message]\n<div class=\"wpcf7 no-js\" id=\"wpcf7-f117-o1\" lang=\"pl-PL\" dir=\"ltr\">\n<div class=\"screen-reader-response\"><p role=\"status\" aria-live=\"polite\" aria-atomic=\"true\"><\/p> <ul><\/ul><\/div>\n<form action=\"\/wolontariusz\/wp-json\/wp\/v2\/pages\/157#wpcf7-f117-o1\" method=\"post\" class=\"wpcf7-form init\" aria-label=\"Formularz kontaktowy\" novalidate=\"novalidate\" data-status=\"init\">\n<div style=\"display: none;\">\n<input type=\"hidden\" name=\"_wpcf7\" value=\"117\" \/>\n<input type=\"hidden\" name=\"_wpcf7_version\" value=\"5.7.7\" \/>\n<input type=\"hidden\" name=\"_wpcf7_locale\" value=\"pl_PL\" \/>\n<input type=\"hidden\" name=\"_wpcf7_unit_tag\" value=\"wpcf7-f117-o1\" \/>\n<input type=\"hidden\" name=\"_wpcf7_container_post\" value=\"0\" \/>\n<input type=\"hidden\" name=\"_wpcf7_posted_data_hash\" value=\"\" \/>\n<input type=\"hidden\" name=\"_wpcf7_recaptcha_response\" value=\"\" \/>\n<\/div>\n<div class=\"form-group\">\n\t<p><label> Imi\u0119 i nazwisko (wymagane) <\/label><br \/>\n<span class=\"wpcf7-form-control-wrap\" data-name=\"your-name\"><input size=\"40\" class=\"wpcf7-form-control wpcf7-text wpcf7-validates-as-required form-control\" aria-required=\"true\" aria-invalid=\"false\" value=\"\" type=\"text\" name=\"your-name\" \/><\/span>\n\t<\/p>\n<\/div>\n<div class=\"form-group\">\n\t<p><label> Adres email (wymagane)<\/label><br \/>\n<span class=\"wpcf7-form-control-wrap\" data-name=\"your-email\"><input size=\"40\" class=\"wpcf7-form-control wpcf7-text wpcf7-email wpcf7-validates-as-required wpcf7-validates-as-email form-control\" aria-required=\"true\" aria-invalid=\"false\" value=\"\" type=\"email\" name=\"your-email\" \/><\/span>\n\t<\/p>\n<\/div>\n<div class=\"form-group\">\n\t<p><label> Tre\u015b\u0107 wiadomo\u015bci <\/label><br \/>\n<span class=\"wpcf7-form-control-wrap\" data-name=\"your-message\"><textarea cols=\"40\" rows=\"10\" class=\"wpcf7-form-control wpcf7-textarea form-control\" aria-invalid=\"false\" name=\"your-message\"><\/textarea><\/span>\n\t<\/p>\n<\/div>\n<p><span class=\"wpcf7-form-control-wrap\" data-name=\"privacy\"><span class=\"wpcf7-form-control wpcf7-acceptance\"><span class=\"wpcf7-list-item\"><label><input type=\"checkbox\" name=\"privacy\" value=\"1\" aria-invalid=\"false\" \/><span class=\"wpcf7-list-item-label\">Zapozna\u0142em si\u0119 i akceptuj\u0119 <a href=\"\/wolontariusz\/polityka-prywatnosci\/\" rel=\"noopener\">Polityk\u0119 Prywatno\u015bci<\/a><\/span><\/label><\/span><\/span><\/span>\n<\/p>\n<p><input class=\"wpcf7-form-control has-spinner wpcf7-submit normal-btn\" type=\"submit\" value=\"Wy\u015blij\" \/>\n<\/p><div class=\"wpcf7-response-output\" aria-hidden=\"true\"><\/div>\n<\/form>\n<\/div>\n[\/vc_column][\/vc_row]<\/p>\n","protected":false},"excerpt":{"rendered":"<p>[vc_row][vc_column][vc_custom_heading text=&#8221;Zg\u0142o\u015b b\u0142\u0105d na stronie&#8221; use_theme_fonts=&#8221;yes&#8221;][vc_empty_space][vc_column_text]Kontakt z Webmasterem &nbsp; Na tym serwisie znajduj\u0105 si\u0119 pliki lub aplikacje, kt\u00f3re do prawid\u0142owego dzia\u0142ania wymagaj\u0105: Adobe Flash Player, Adobe Reader, Word, Java. &nbsp; Programy mo\u017cna bezp\u0142atnie poni\u017cej pobra\u0107: &nbsp; Odtwarzacz Adobe Flash Player Dokument w formacie PDF Adobe Reader Dokument w formacie Word Dokumenty w formacie Excel Dokumenty [&hellip;]<\/p>\n","protected":false},"author":1,"featured_media":0,"parent":0,"menu_order":6,"comment_status":"closed","ping_status":"closed","template":"","meta":{"footnotes":""},"class_list":["post-157","page","type-page","status-publish","hentry"],"_links":{"self":[{"href":"https:\/\/niania.pro\/wolontariusz\/wp-json\/wp\/v2\/pages\/157","targetHints":{"allow":["GET"]}}],"collection":[{"href":"https:\/\/niania.pro\/wolontariusz\/wp-json\/wp\/v2\/pages"}],"about":[{"href":"https:\/\/niania.pro\/wolontariusz\/wp-json\/wp\/v2\/types\/page"}],"author":[{"embeddable":true,"href":"https:\/\/niania.pro\/wolontariusz\/wp-json\/wp\/v2\/users\/1"}],"replies":[{"embeddable":true,"href":"https:\/\/niania.pro\/wolontariusz\/wp-json\/wp\/v2\/comments?post=157"}],"version-history":[{"count":8,"href":"https:\/\/niania.pro\/wolontariusz\/wp-json\/wp\/v2\/pages\/157\/revisions"}],"predecessor-version":[{"id":268,"href":"https:\/\/niania.pro\/wolontariusz\/wp-json\/wp\/v2\/pages\/157\/revisions\/268"}],"wp:attachment":[{"href":"https:\/\/niania.pro\/wolontariusz\/wp-json\/wp\/v2\/media?parent=157"}],"curies":[{"name":"wp","href":"https:\/\/api.w.org\/{rel}","templated":true}]}}