{"id":1299,"date":"2024-09-10T17:37:55","date_gmt":"2024-09-10T15:37:55","guid":{"rendered":"https:\/\/niania.pro\/zlobek\/?page_id=1299"},"modified":"2026-03-25T18:14:17","modified_gmt":"2026-03-25T17:14:17","slug":"kurs-opiekuna-w-zlobku-poznan","status":"publish","type":"page","link":"https:\/\/niania.pro\/zlobek\/lokalizacje\/kurs-opiekuna-w-zlobku-poznan\/","title":{"rendered":"Kurs opiekuna w \u017c\u0142obku Pozna\u0144"},"content":{"rendered":"<p>[vc_row][vc_column][vc_column_text]<\/p>\n<h1>Kurs opiekuna w \u017c\u0142obku Pozna\u0144<\/h1>\n<p>\u017b\u0142obek to miejsce, w kt\u00f3rym maluchy sp\u0119dzaj\u0105 znaczn\u0105 cz\u0119\u015b\u0107 dnia, a dla wielu z nich to tak\u017ce pierwsze do\u015bwiadczenie oddzielenia od rodzic\u00f3w. W\u0142a\u015bnie dlatego tak wa\u017cne jest, aby plac\u00f3wka ta nie tylko zapewnia\u0142a bezpiecze\u0144stwo, opiek\u0119 i wspomaga\u0142a rozw\u00f3j, ale tak\u017ce stwarza\u0142a atmosfer\u0119 domowego ciep\u0142a. Tego, jak uczyni\u0107 \u017c\u0142obek miejscem nauki i dobrej zabawy, dowiesz si\u0119 podczas kursu na opiekuna w \u017c\u0142obku w Poznaniu.<\/p>\n<h2>Kurs na opiekuna w \u017c\u0142obku Pozna\u0144 \u2013 bezpiecze\u0144stwo i komfort<\/h2>\n<p>Podczas kursu opiekuna w \u017c\u0142obku zg\u0142\u0119bisz wiedz\u0119 dotycz\u0105c\u0105 mi\u0119dzy innymi bezpiecze\u0144stwa dziecka i tego, jak zapewni\u0107 mu odpowiedni\u0105 ochron\u0119. Przestrze\u0144 w \u017c\u0142obku musi by\u0107 odpowiednio dostosowana do maluch\u00f3w. Wszelkie meble i zabawki w \u017c\u0142obku musz\u0105 spe\u0142nia\u0107 normy bezpiecze\u0144stwa \u2013 nie mog\u0105 mie\u0107 ostrych kraw\u0119dzi, a materia\u0142y, z kt\u00f3rych s\u0105 wykonane, powinny by\u0107 nietoksyczne. Wa\u017cne jest r\u00f3wnie\u017c odpowiednie zabezpieczenie okien, drzwi i schod\u00f3w, aby dzieci nie zrobi\u0142y sobie krzywdy. Komfort to kolejny aspekt, na kt\u00f3ry nale\u017cy zwr\u00f3ci\u0107 uwag\u0119. Meble w \u017c\u0142obku, takie jak krzese\u0142ka czy \u0142\u00f3\u017ceczka, powinny by\u0107 dostosowane do wzrostu i potrzeb maluch\u00f3w. Wa\u017cne jest r\u00f3wnie\u017c, aby maluchy mia\u0142y dost\u0119p do r\u00f3\u017cnorodnych zabawek i materia\u0142\u00f3w edukacyjnych, kt\u00f3re rozwijaj\u0105 ich zdolno\u015bci manualne, intelektualne i spo\u0142eczne. Tego, na co zwraca\u0107 uwag\u0119 podczas opieki nad dzieckiem, dowiesz si\u0119 po zapisaniu na nasz <a href=\"https:\/\/niania.pro\/zlobek\/\">kurs na opiekunk\u0119 do \u017c\u0142obka<\/a>. Zdob\u0119dziesz wiedz\u0119, dzi\u0119ki kt\u00f3rej b\u0119dziesz mog\u0142a zapewni\u0107 jak najlepszy rozw\u00f3j maluchom, kt\u00f3re znajd\u0105 si\u0119 pod Twoj\u0105 opiek\u0105.<\/p>\n<h2>Indywidualne podej\u015bcie \u2013 opiekun w \u017c\u0142obku kurs Pozna\u0144<\/h2>\n<p>Dla dzieci niezwykle istotne jest, aby czu\u0142y si\u0119 zauwa\u017cone i wa\u017cne. Opiekunowie powinni zwraca\u0107 uwag\u0119 na indywidualne potrzeby ka\u017cdego malucha \u2013 zar\u00f3wno te emocjonalne, rozwojowe, zwi\u0105zane z budowaniem wi\u0119zi i poczuciem bezpiecze\u0144stwa. Wa\u017cnym elementem pracy opiekuna jest tak\u017ce regularne komunikowanie si\u0119 z rodzicami, dzielenie si\u0119 obserwacjami na temat post\u0119p\u00f3w i ewentualnych trudno\u015bci ma\u0142ych podopiecznych. Dzi\u0119ki temu rodzice mog\u0105 czu\u0107 si\u0119 pewniej, wiedz\u0105c, \u017ce ich pociecha jest w dobrych r\u0119kach i reagowa\u0107, je\u015bli dziecko wymaga wi\u0119kszej uwagi. Natomiast opiekun zyskuje informacje umo\u017cliwiaj\u0105c\u0105 jeszcze lepsze dostosowanie do potrzeb malucha.<\/p>\n<h2>Opiekunka dzieci\u0119ca kurs Pozna\u0144<\/h2>\n<p>Tworzenie przyjaznej przestrzeni dla dzieci w \u017c\u0142obku to proces, kt\u00f3ry wymaga nie tylko odpowiednich zasob\u00f3w materialnych, ale tak\u017ce wiedzy i umiej\u0119tno\u015bci ze strony opiekun\u00f3w. Dlatego tak wa\u017cne jest, aby personel \u017c\u0142obka by\u0142 dobrze przygotowany do czekaj\u0105cych go zada\u0144. Je\u017celi chcesz pracowa\u0107 z dzie\u0107mi, warto zwr\u00f3ci\u0107 uwag\u0119 na ofert\u0119 Centrum Kszta\u0142cenia AGAT. Na stronie Niania.pro jest kurs opiekunka dzieci\u0119ca Pozna\u0144 dost\u0119pny przez Internet. Dzi\u0119ki temu szkoleniu, kt\u00f3rego cz\u0119\u015b\u0107 teoretyczna dost\u0119pna jest w wygodnej formie online, mo\u017cesz realizowa\u0107 tre\u015bci z wyk\u0142ad\u00f3w w dogodnym dla siebie czasu i miejscu. Jest to wygodna opcja umo\u017cliwiaj\u0105ca po\u0142\u0105czenie pracy i codziennych obowi\u0105zk\u00f3w z nauk\u0105 nowego zawodu. Podczas kursu na opiekunk\u0119 dzieci\u0119c\u0105 w Poznaniu, uczestnicy mog\u0105 poszerza\u0107 swoj\u0105 wiedz\u0119 z zakresu psychologii dzieci\u0119cej, pedagogiki oraz pierwszej pomocy, co pozwala im lepiej reagowa\u0107 na potrzeby dzieci i tworzy\u0107 jeszcze bardziej sprzyjaj\u0105ce warunki do ich rozwoju. Kurs na opiekuna w \u017c\u0142obku w Poznaniu prowadzony jest przez do\u015bwiadczonych specjalist\u00f3w, gwarantuj\u0105c wysoki poziom nauczania i praktyczne przygotowanie do pracy w wybranym zawodzie \u2013 wystarczy jedynie dost\u0119p do Internetu, by zdoby\u0107 najwa\u017cniejsze kwalifikacje w tym poszukiwanym zawodzie.[\/vc_column_text][\/vc_column][\/vc_row]<\/p>\n","protected":false},"excerpt":{"rendered":"<p>[vc_row][vc_column][vc_column_text] Kurs opiekuna w \u017c\u0142obku Pozna\u0144 \u017b\u0142obek to miejsce, w kt\u00f3rym maluchy sp\u0119dzaj\u0105 znaczn\u0105 cz\u0119\u015b\u0107 dnia, a dla wielu z nich to tak\u017ce pierwsze do\u015bwiadczenie oddzielenia od rodzic\u00f3w. W\u0142a\u015bnie dlatego tak wa\u017cne jest, aby plac\u00f3wka ta nie tylko zapewnia\u0142a bezpiecze\u0144stwo, opiek\u0119 i wspomaga\u0142a rozw\u00f3j, ale tak\u017ce stwarza\u0142a atmosfer\u0119 domowego ciep\u0142a. Tego, jak uczyni\u0107 \u017c\u0142obek miejscem [&hellip;]<\/p>\n","protected":false},"author":342,"featured_media":0,"parent":1535,"menu_order":0,"comment_status":"closed","ping_status":"closed","template":"","meta":{"footnotes":""},"class_list":["post-1299","page","type-page","status-publish","hentry"],"yoast_head":"<!-- This site is optimized with the Yoast SEO plugin v24.0 - https:\/\/yoast.com\/wordpress\/plugins\/seo\/ -->\n<title>Kurs opiekuna w \u017c\u0142obku Pozna\u0144 - niania.pro<\/title>\n<meta name=\"robots\" content=\"index, follow, max-snippet:-1, max-image-preview:large, max-video-preview:-1\" \/>\n<link rel=\"canonical\" href=\"https:\/\/niania.pro\/zlobek\/lokalizacje\/kurs-opiekuna-w-zlobku-poznan\/\" \/>\n<meta property=\"og:locale\" content=\"pl_PL\" \/>\n<meta property=\"og:type\" content=\"article\" \/>\n<meta property=\"og:title\" content=\"Kurs opiekuna w \u017c\u0142obku Pozna\u0144 - niania.pro\" \/>\n<meta property=\"og:description\" content=\"[vc_row][vc_column][vc_column_text] Kurs opiekuna w \u017c\u0142obku Pozna\u0144 \u017b\u0142obek to miejsce, w kt\u00f3rym maluchy sp\u0119dzaj\u0105 znaczn\u0105 cz\u0119\u015b\u0107 dnia, a dla wielu z nich to tak\u017ce pierwsze do\u015bwiadczenie oddzielenia od rodzic\u00f3w. W\u0142a\u015bnie dlatego tak wa\u017cne jest, aby plac\u00f3wka ta nie tylko zapewnia\u0142a bezpiecze\u0144stwo, opiek\u0119 i wspomaga\u0142a rozw\u00f3j, ale tak\u017ce stwarza\u0142a atmosfer\u0119 domowego ciep\u0142a. Tego, jak uczyni\u0107 \u017c\u0142obek miejscem [&hellip;]\" \/>\n<meta property=\"og:url\" content=\"https:\/\/niania.pro\/zlobek\/lokalizacje\/kurs-opiekuna-w-zlobku-poznan\/\" \/>\n<meta property=\"og:site_name\" content=\"niania.pro\" \/>\n<meta property=\"article:modified_time\" content=\"2026-03-25T17:14:17+00:00\" \/>\n<meta name=\"twitter:card\" content=\"summary_large_image\" \/>\n<meta name=\"twitter:label1\" content=\"Szacowany czas czytania\" \/>\n\t<meta name=\"twitter:data1\" content=\"4 minuty\" \/>\n<script type=\"application\/ld+json\" class=\"yoast-schema-graph\">{\"@context\":\"https:\/\/schema.org\",\"@graph\":[{\"@type\":\"WebPage\",\"@id\":\"https:\/\/niania.pro\/zlobek\/lokalizacje\/kurs-opiekuna-w-zlobku-poznan\/\",\"url\":\"https:\/\/niania.pro\/zlobek\/lokalizacje\/kurs-opiekuna-w-zlobku-poznan\/\",\"name\":\"Kurs opiekuna w \u017c\u0142obku Pozna\u0144 - niania.pro\",\"isPartOf\":{\"@id\":\"https:\/\/niania.pro\/zlobek\/#website\"},\"datePublished\":\"2024-09-10T15:37:55+00:00\",\"dateModified\":\"2026-03-25T17:14:17+00:00\",\"breadcrumb\":{\"@id\":\"https:\/\/niania.pro\/zlobek\/lokalizacje\/kurs-opiekuna-w-zlobku-poznan\/#breadcrumb\"},\"inLanguage\":\"pl-PL\",\"potentialAction\":[{\"@type\":\"ReadAction\",\"target\":[\"https:\/\/niania.pro\/zlobek\/lokalizacje\/kurs-opiekuna-w-zlobku-poznan\/\"]}]},{\"@type\":\"BreadcrumbList\",\"@id\":\"https:\/\/niania.pro\/zlobek\/lokalizacje\/kurs-opiekuna-w-zlobku-poznan\/#breadcrumb\",\"itemListElement\":[{\"@type\":\"ListItem\",\"position\":1,\"name\":\"Strona g\u0142\u00f3wna\",\"item\":\"https:\/\/niania.pro\/zlobek\/\"},{\"@type\":\"ListItem\",\"position\":2,\"name\":\"Lokalizacje\",\"item\":\"https:\/\/niania.pro\/zlobek\/lokalizacje\/\"},{\"@type\":\"ListItem\",\"position\":3,\"name\":\"Kurs opiekuna w \u017c\u0142obku Pozna\u0144\"}]},{\"@type\":\"WebSite\",\"@id\":\"https:\/\/niania.pro\/zlobek\/#website\",\"url\":\"https:\/\/niania.pro\/zlobek\/\",\"name\":\"niania.pro\",\"description\":\"Nie wychodzisz z domu! \u2013 Tylko 1530 z\u0142\",\"potentialAction\":[{\"@type\":\"SearchAction\",\"target\":{\"@type\":\"EntryPoint\",\"urlTemplate\":\"https:\/\/niania.pro\/zlobek\/?s={search_term_string}\"},\"query-input\":{\"@type\":\"PropertyValueSpecification\",\"valueRequired\":true,\"valueName\":\"search_term_string\"}}],\"inLanguage\":\"pl-PL\"}]}<\/script>\n<!-- \/ Yoast SEO plugin. -->","yoast_head_json":{"title":"Kurs opiekuna w \u017c\u0142obku Pozna\u0144 - niania.pro","robots":{"index":"index","follow":"follow","max-snippet":"max-snippet:-1","max-image-preview":"max-image-preview:large","max-video-preview":"max-video-preview:-1"},"canonical":"https:\/\/niania.pro\/zlobek\/lokalizacje\/kurs-opiekuna-w-zlobku-poznan\/","og_locale":"pl_PL","og_type":"article","og_title":"Kurs opiekuna w \u017c\u0142obku Pozna\u0144 - niania.pro","og_description":"[vc_row][vc_column][vc_column_text] Kurs opiekuna w \u017c\u0142obku Pozna\u0144 \u017b\u0142obek to miejsce, w kt\u00f3rym maluchy sp\u0119dzaj\u0105 znaczn\u0105 cz\u0119\u015b\u0107 dnia, a dla wielu z nich to tak\u017ce pierwsze do\u015bwiadczenie oddzielenia od rodzic\u00f3w. W\u0142a\u015bnie dlatego tak wa\u017cne jest, aby plac\u00f3wka ta nie tylko zapewnia\u0142a bezpiecze\u0144stwo, opiek\u0119 i wspomaga\u0142a rozw\u00f3j, ale tak\u017ce stwarza\u0142a atmosfer\u0119 domowego ciep\u0142a. Tego, jak uczyni\u0107 \u017c\u0142obek miejscem [&hellip;]","og_url":"https:\/\/niania.pro\/zlobek\/lokalizacje\/kurs-opiekuna-w-zlobku-poznan\/","og_site_name":"niania.pro","article_modified_time":"2026-03-25T17:14:17+00:00","twitter_card":"summary_large_image","twitter_misc":{"Szacowany czas czytania":"4 minuty"},"schema":{"@context":"https:\/\/schema.org","@graph":[{"@type":"WebPage","@id":"https:\/\/niania.pro\/zlobek\/lokalizacje\/kurs-opiekuna-w-zlobku-poznan\/","url":"https:\/\/niania.pro\/zlobek\/lokalizacje\/kurs-opiekuna-w-zlobku-poznan\/","name":"Kurs opiekuna w \u017c\u0142obku Pozna\u0144 - niania.pro","isPartOf":{"@id":"https:\/\/niania.pro\/zlobek\/#website"},"datePublished":"2024-09-10T15:37:55+00:00","dateModified":"2026-03-25T17:14:17+00:00","breadcrumb":{"@id":"https:\/\/niania.pro\/zlobek\/lokalizacje\/kurs-opiekuna-w-zlobku-poznan\/#breadcrumb"},"inLanguage":"pl-PL","potentialAction":[{"@type":"ReadAction","target":["https:\/\/niania.pro\/zlobek\/lokalizacje\/kurs-opiekuna-w-zlobku-poznan\/"]}]},{"@type":"BreadcrumbList","@id":"https:\/\/niania.pro\/zlobek\/lokalizacje\/kurs-opiekuna-w-zlobku-poznan\/#breadcrumb","itemListElement":[{"@type":"ListItem","position":1,"name":"Strona g\u0142\u00f3wna","item":"https:\/\/niania.pro\/zlobek\/"},{"@type":"ListItem","position":2,"name":"Lokalizacje","item":"https:\/\/niania.pro\/zlobek\/lokalizacje\/"},{"@type":"ListItem","position":3,"name":"Kurs opiekuna w \u017c\u0142obku Pozna\u0144"}]},{"@type":"WebSite","@id":"https:\/\/niania.pro\/zlobek\/#website","url":"https:\/\/niania.pro\/zlobek\/","name":"niania.pro","description":"Nie wychodzisz z domu! \u2013 Tylko 1530 z\u0142","potentialAction":[{"@type":"SearchAction","target":{"@type":"EntryPoint","urlTemplate":"https:\/\/niania.pro\/zlobek\/?s={search_term_string}"},"query-input":{"@type":"PropertyValueSpecification","valueRequired":true,"valueName":"search_term_string"}}],"inLanguage":"pl-PL"}]}},"_links":{"self":[{"href":"https:\/\/niania.pro\/zlobek\/wp-json\/wp\/v2\/pages\/1299","targetHints":{"allow":["GET"]}}],"collection":[{"href":"https:\/\/niania.pro\/zlobek\/wp-json\/wp\/v2\/pages"}],"about":[{"href":"https:\/\/niania.pro\/zlobek\/wp-json\/wp\/v2\/types\/page"}],"author":[{"embeddable":true,"href":"https:\/\/niania.pro\/zlobek\/wp-json\/wp\/v2\/users\/342"}],"replies":[{"embeddable":true,"href":"https:\/\/niania.pro\/zlobek\/wp-json\/wp\/v2\/comments?post=1299"}],"version-history":[{"count":3,"href":"https:\/\/niania.pro\/zlobek\/wp-json\/wp\/v2\/pages\/1299\/revisions"}],"predecessor-version":[{"id":1369,"href":"https:\/\/niania.pro\/zlobek\/wp-json\/wp\/v2\/pages\/1299\/revisions\/1369"}],"up":[{"embeddable":true,"href":"https:\/\/niania.pro\/zlobek\/wp-json\/wp\/v2\/pages\/1535"}],"wp:attachment":[{"href":"https:\/\/niania.pro\/zlobek\/wp-json\/wp\/v2\/media?parent=1299"}],"curies":[{"name":"wp","href":"https:\/\/api.w.org\/{rel}","templated":true}]}}